{"id":8600,"date":"2025-04-09T11:21:31","date_gmt":"2025-04-09T11:21:31","guid":{"rendered":"https:\/\/endogynecology.gr\/?page_id=8600"},"modified":"2026-01-10T17:57:30","modified_gmt":"2026-01-10T17:57:30","slug":"politica-de-privacidad","status":"publish","type":"page","link":"https:\/\/endogynecology.gr\/es\/politica-de-privacidad\/","title":{"rendered":"Pol\u00edtica de Privacidad"},"content":{"rendered":"\t\t<div data-elementor-type=\"wp-page\" data-elementor-id=\"8600\" class=\"elementor elementor-8600 elementor-3\">\n\t\t\t\t<div class=\"elementor-element elementor-element-7bdb33d e-flex e-con-boxed sc_layouts_column_icons_position_left e-con e-parent\" data-id=\"7bdb33d\" data-element_type=\"container\">\n\t\t\t\t\t<div class=\"e-con-inner\">\n\t\t\t\t<div class=\"elementor-element elementor-element-1389460 sc_fly_static elementor-widget elementor-widget-text-editor\" data-id=\"1389460\" data-element_type=\"widget\" data-widget_type=\"text-editor.default\">\n\t\t\t\t\t\t\t\t\t<h3 data-start=\"5997\" data-end=\"6023\">Pol\u00edtica de Privacidad<\/h3><p data-start=\"6025\" data-end=\"6332\">La presente Pol\u00edtica de Privacidad describe c\u00f3mo el sitio web <strong data-start=\"6087\" data-end=\"6108\">endogynecology.gr<\/strong> recopila, utiliza y protege los datos personales de sus visitantes y usuarios, de conformidad con la legislaci\u00f3n griega y europea vigente en materia de protecci\u00f3n de datos (Reglamento General de Protecci\u00f3n de Datos \u2013 RGPD).<\/p><h3 data-start=\"6334\" data-end=\"6370\">1. Responsable del Tratamiento<\/h3><p data-start=\"6371\" data-end=\"6548\">El responsable del tratamiento de los datos es el administrador del sitio web <strong data-start=\"6449\" data-end=\"6470\">endogynecology.gr<\/strong>, que opera en el \u00e1mbito de la ginecolog\u00eda y la cirug\u00eda endosc\u00f3pica en Grecia.<\/p><h3 data-start=\"6550\" data-end=\"6587\">2. Datos personales recopilados<\/h3><p data-start=\"6588\" data-end=\"6669\">Durante la visita o el uso del sitio web pueden recopilarse los siguientes datos:<\/p><ul data-start=\"6671\" data-end=\"6947\"><li data-start=\"6671\" data-end=\"6786\"><p data-start=\"6673\" data-end=\"6786\">Datos de contacto proporcionados voluntariamente a trav\u00e9s de formularios (nombre, correo electr\u00f3nico, mensaje).<\/p><\/li><li data-start=\"6787\" data-end=\"6884\"><p data-start=\"6789\" data-end=\"6884\">Datos t\u00e9cnicos como direcci\u00f3n IP, tipo de navegador, sistema operativo y datos de navegaci\u00f3n.<\/p><\/li><li data-start=\"6885\" data-end=\"6947\"><p data-start=\"6887\" data-end=\"6947\">Datos de uso del sitio con fines estad\u00edsticos y funcionales.<\/p><\/li><\/ul><p data-start=\"6949\" data-end=\"7042\">El sitio web <strong data-start=\"6962\" data-end=\"7001\">no recopila datos m\u00e9dicos sensibles<\/strong> a trav\u00e9s de los formularios de contacto.<\/p><h3 data-start=\"7044\" data-end=\"7078\">3. Finalidad del tratamiento<\/h3><p data-start=\"7079\" data-end=\"7132\">Los datos personales se utilizan exclusivamente para:<\/p><ul data-start=\"7134\" data-end=\"7362\"><li data-start=\"7134\" data-end=\"7186\"><p data-start=\"7136\" data-end=\"7186\">Responder a consultas y solicitudes de contacto.<\/p><\/li><li data-start=\"7187\" data-end=\"7246\"><p data-start=\"7189\" data-end=\"7246\">Mejorar el funcionamiento y la experiencia del usuario.<\/p><\/li><li data-start=\"7247\" data-end=\"7326\"><p data-start=\"7249\" data-end=\"7326\">Garantizar la seguridad t\u00e9cnica y el correcto funcionamiento del sitio web.<\/p><\/li><li data-start=\"7327\" data-end=\"7362\"><p data-start=\"7329\" data-end=\"7362\">Cumplir con obligaciones legales.<\/p><\/li><\/ul><h3 data-start=\"7364\" data-end=\"7399\">4. Base legal del tratamiento<\/h3><p data-start=\"7400\" data-end=\"7426\">El tratamiento se basa en:<\/p><ul data-start=\"7428\" data-end=\"7605\"><li data-start=\"7428\" data-end=\"7484\"><p data-start=\"7430\" data-end=\"7484\">El consentimiento del usuario, cuando sea necesario.<\/p><\/li><li data-start=\"7485\" data-end=\"7562\"><p data-start=\"7487\" data-end=\"7562\">El inter\u00e9s leg\u00edtimo para el funcionamiento seguro y eficaz del sitio web.<\/p><\/li><li data-start=\"7563\" data-end=\"7605\"><p data-start=\"7565\" data-end=\"7605\">El cumplimiento de obligaciones legales.<\/p><\/li><\/ul><h3 data-start=\"7607\" data-end=\"7648\">5. Comunicaci\u00f3n de datos a terceros<\/h3><p data-start=\"7649\" data-end=\"7884\">Los datos personales no se venden ni se ceden a terceros con fines comerciales. Solo podr\u00e1n comunicarse a proveedores t\u00e9cnicos o de alojamiento web, exclusivamente para el funcionamiento del sitio y bajo obligaci\u00f3n de confidencialidad.<\/p><h3 data-start=\"7886\" data-end=\"7916\">6. Plazo de conservaci\u00f3n<\/h3><p data-start=\"7917\" data-end=\"8073\">Los datos personales se conservan \u00fanicamente durante el tiempo necesario para cumplir con los fines para los que fueron recopilados o seg\u00fan lo exija la ley.<\/p><h3 data-start=\"8075\" data-end=\"8106\">7. Seguridad de los datos<\/h3><p data-start=\"8107\" data-end=\"8248\">Se aplican medidas t\u00e9cnicas y organizativas adecuadas para proteger los datos personales contra p\u00e9rdida, acceso no autorizado o uso indebido.<\/p><h3 data-start=\"8250\" data-end=\"8283\">8. Derechos de los usuarios<\/h3><p data-start=\"8284\" data-end=\"8314\">Los usuarios tienen derecho a:<\/p><ul data-start=\"8316\" data-end=\"8580\"><li data-start=\"8316\" data-end=\"8351\"><p data-start=\"8318\" data-end=\"8351\">Acceder a sus datos personales.<\/p><\/li><li data-start=\"8352\" data-end=\"8402\"><p data-start=\"8354\" data-end=\"8402\">Solicitar la rectificaci\u00f3n de datos inexactos.<\/p><\/li><li data-start=\"8403\" data-end=\"8474\"><p data-start=\"8405\" data-end=\"8474\">Solicitar la supresi\u00f3n de los datos, cuando sea legalmente posible.<\/p><\/li><li data-start=\"8475\" data-end=\"8530\"><p data-start=\"8477\" data-end=\"8530\">Oponerse o solicitar la limitaci\u00f3n del tratamiento.<\/p><\/li><li data-start=\"8531\" data-end=\"8580\"><p data-start=\"8533\" data-end=\"8580\">Retirar su consentimiento en cualquier momento.<\/p><\/li><\/ul><p data-start=\"8582\" data-end=\"8666\">Las solicitudes pueden realizarse a trav\u00e9s del formulario de contacto del sitio web.<\/p><h3 data-start=\"8668\" data-end=\"8684\">9. Cookies<\/h3><p data-start=\"8685\" data-end=\"8893\">El sitio web utiliza cookies para mejorar la experiencia del usuario y recopilar informaci\u00f3n estad\u00edstica an\u00f3nima. Los usuarios pueden gestionar o desactivar las cookies desde la configuraci\u00f3n de su navegador.<\/p><h3 data-start=\"8895\" data-end=\"8948\">10. Modificaciones de la Pol\u00edtica de Privacidad<\/h3><p data-start=\"8949\" data-end=\"9110\">Esta Pol\u00edtica de Privacidad puede actualizarse peri\u00f3dicamente. Cualquier modificaci\u00f3n se publicar\u00e1 en esta p\u00e1gina y ser\u00e1 aplicable desde su fecha de publicaci\u00f3n.<\/p>\t\t\t\t\t\t\t\t<\/div>\n\t\t\t\t\t<\/div>\n\t\t\t\t<\/div>\n\t\t\t\t<\/div>\n\t\t","protected":false},"excerpt":{"rendered":"<p>Pol\u00edtica de Privacidad La presente Pol\u00edtica de&hellip;<\/p>\n","protected":false},"author":1,"featured_media":0,"parent":0,"menu_order":0,"comment_status":"closed","ping_status":"closed","template":"","meta":{"footnotes":""},"class_list":["post-8600","page","type-page","status-publish","hentry"],"yoast_head":"<!-- This site is optimized with the Yoast SEO plugin v26.9 - https:\/\/yoast.com\/product\/yoast-seo-wordpress\/ -->\n<title>Pol\u00edtica de Privacidad - Endogynecology<\/title>\n<meta name=\"robots\" content=\"noindex, follow, max-snippet:-1, max-image-preview:large, max-video-preview:-1\" \/>\n<meta property=\"og:locale\" content=\"es_ES\" \/>\n<meta property=\"og:type\" content=\"article\" \/>\n<meta property=\"og:title\" content=\"Pol\u00edtica de Privacidad - Endogynecology\" \/>\n<meta property=\"og:description\" content=\"Pol\u00edtica de Privacidad La presente Pol\u00edtica de&hellip;\" \/>\n<meta property=\"og:url\" content=\"https:\/\/endogynecology.gr\/privacy-policy\/\" \/>\n<meta property=\"og:site_name\" content=\"Endogynecology\" \/>\n<meta property=\"article:modified_time\" content=\"2026-01-10T17:57:30+00:00\" \/>\n<meta name=\"twitter:card\" content=\"summary_large_image\" \/>\n<meta name=\"twitter:label1\" content=\"Tiempo de lectura\" \/>\n\t<meta name=\"twitter:data1\" content=\"2 minutos\" \/>\n<script type=\"application\/ld+json\" class=\"yoast-schema-graph\">{\"@context\":\"https:\/\/schema.org\",\"@graph\":[{\"@type\":\"WebPage\",\"@id\":\"https:\/\/endogynecology.gr\/privacy-policy\/\",\"url\":\"https:\/\/endogynecology.gr\/privacy-policy\/\",\"name\":\"Pol\u00edtica de Privacidad - Endogynecology\",\"isPartOf\":{\"@id\":\"https:\/\/endogynecology.gr\/#website\"},\"datePublished\":\"2025-04-09T11:21:31+00:00\",\"dateModified\":\"2026-01-10T17:57:30+00:00\",\"breadcrumb\":{\"@id\":\"https:\/\/endogynecology.gr\/privacy-policy\/#breadcrumb\"},\"inLanguage\":\"es\",\"potentialAction\":[{\"@type\":\"ReadAction\",\"target\":[\"https:\/\/endogynecology.gr\/privacy-policy\/\"]}]},{\"@type\":\"BreadcrumbList\",\"@id\":\"https:\/\/endogynecology.gr\/privacy-policy\/#breadcrumb\",\"itemListElement\":[{\"@type\":\"ListItem\",\"position\":1,\"name\":\"\u0391\u03c1\u03c7\u03b9\u03ba\u03ae\",\"item\":\"https:\/\/endogynecology.gr\/\"},{\"@type\":\"ListItem\",\"position\":2,\"name\":\"Pol\u00edtica de Privacidad\"}]},{\"@type\":\"WebSite\",\"@id\":\"https:\/\/endogynecology.gr\/#website\",\"url\":\"https:\/\/endogynecology.gr\/\",\"name\":\"Endogynecology\",\"description\":\"\u039b\u03b1\u03c0\u03b1\u03c1\u03bf\u03c3\u03ba\u03bf\u03c0\u03b9\u03ba\u03cc \u039a\u03ad\u03bd\u03c4\u03c1\u03bf \u0391\u03b8\u03b7\u03bd\u03ce\u03bd\",\"publisher\":{\"@id\":\"https:\/\/endogynecology.gr\/#organization\"},\"potentialAction\":[{\"@type\":\"SearchAction\",\"target\":{\"@type\":\"EntryPoint\",\"urlTemplate\":\"https:\/\/endogynecology.gr\/?s={search_term_string}\"},\"query-input\":{\"@type\":\"PropertyValueSpecification\",\"valueRequired\":true,\"valueName\":\"search_term_string\"}}],\"inLanguage\":\"es\"},{\"@type\":\"Organization\",\"@id\":\"https:\/\/endogynecology.gr\/#organization\",\"name\":\"Endogynecology\",\"url\":\"https:\/\/endogynecology.gr\/\",\"logo\":{\"@type\":\"ImageObject\",\"inLanguage\":\"es\",\"@id\":\"https:\/\/endogynecology.gr\/#\/schema\/logo\/image\/\",\"url\":\"https:\/\/endogynecology.gr\/wp-content\/uploads\/2025\/11\/logo.png\",\"contentUrl\":\"https:\/\/endogynecology.gr\/wp-content\/uploads\/2025\/11\/logo.png\",\"width\":450,\"height\":80,\"caption\":\"Endogynecology\"},\"image\":{\"@id\":\"https:\/\/endogynecology.gr\/#\/schema\/logo\/image\/\"}}]}<\/script>\n<!-- \/ Yoast SEO plugin. -->","yoast_head_json":{"title":"Pol\u00edtica de Privacidad - Endogynecology","robots":{"index":"noindex","follow":"follow","max-snippet":"max-snippet:-1","max-image-preview":"max-image-preview:large","max-video-preview":"max-video-preview:-1"},"og_locale":"es_ES","og_type":"article","og_title":"Pol\u00edtica de Privacidad - Endogynecology","og_description":"Pol\u00edtica de Privacidad La presente Pol\u00edtica de&hellip;","og_url":"https:\/\/endogynecology.gr\/privacy-policy\/","og_site_name":"Endogynecology","article_modified_time":"2026-01-10T17:57:30+00:00","twitter_card":"summary_large_image","twitter_misc":{"Tiempo de lectura":"2 minutos"},"schema":{"@context":"https:\/\/schema.org","@graph":[{"@type":"WebPage","@id":"https:\/\/endogynecology.gr\/privacy-policy\/","url":"https:\/\/endogynecology.gr\/privacy-policy\/","name":"Pol\u00edtica de Privacidad - Endogynecology","isPartOf":{"@id":"https:\/\/endogynecology.gr\/#website"},"datePublished":"2025-04-09T11:21:31+00:00","dateModified":"2026-01-10T17:57:30+00:00","breadcrumb":{"@id":"https:\/\/endogynecology.gr\/privacy-policy\/#breadcrumb"},"inLanguage":"es","potentialAction":[{"@type":"ReadAction","target":["https:\/\/endogynecology.gr\/privacy-policy\/"]}]},{"@type":"BreadcrumbList","@id":"https:\/\/endogynecology.gr\/privacy-policy\/#breadcrumb","itemListElement":[{"@type":"ListItem","position":1,"name":"\u0391\u03c1\u03c7\u03b9\u03ba\u03ae","item":"https:\/\/endogynecology.gr\/"},{"@type":"ListItem","position":2,"name":"Pol\u00edtica de Privacidad"}]},{"@type":"WebSite","@id":"https:\/\/endogynecology.gr\/#website","url":"https:\/\/endogynecology.gr\/","name":"Endogynecology","description":"\u039b\u03b1\u03c0\u03b1\u03c1\u03bf\u03c3\u03ba\u03bf\u03c0\u03b9\u03ba\u03cc \u039a\u03ad\u03bd\u03c4\u03c1\u03bf \u0391\u03b8\u03b7\u03bd\u03ce\u03bd","publisher":{"@id":"https:\/\/endogynecology.gr\/#organization"},"potentialAction":[{"@type":"SearchAction","target":{"@type":"EntryPoint","urlTemplate":"https:\/\/endogynecology.gr\/?s={search_term_string}"},"query-input":{"@type":"PropertyValueSpecification","valueRequired":true,"valueName":"search_term_string"}}],"inLanguage":"es"},{"@type":"Organization","@id":"https:\/\/endogynecology.gr\/#organization","name":"Endogynecology","url":"https:\/\/endogynecology.gr\/","logo":{"@type":"ImageObject","inLanguage":"es","@id":"https:\/\/endogynecology.gr\/#\/schema\/logo\/image\/","url":"https:\/\/endogynecology.gr\/wp-content\/uploads\/2025\/11\/logo.png","contentUrl":"https:\/\/endogynecology.gr\/wp-content\/uploads\/2025\/11\/logo.png","width":450,"height":80,"caption":"Endogynecology"},"image":{"@id":"https:\/\/endogynecology.gr\/#\/schema\/logo\/image\/"}}]}},"_links":{"self":[{"href":"https:\/\/endogynecology.gr\/es\/wp-json\/wp\/v2\/pages\/8600","targetHints":{"allow":["GET"]}}],"collection":[{"href":"https:\/\/endogynecology.gr\/es\/wp-json\/wp\/v2\/pages"}],"about":[{"href":"https:\/\/endogynecology.gr\/es\/wp-json\/wp\/v2\/types\/page"}],"author":[{"embeddable":true,"href":"https:\/\/endogynecology.gr\/es\/wp-json\/wp\/v2\/users\/1"}],"replies":[{"embeddable":true,"href":"https:\/\/endogynecology.gr\/es\/wp-json\/wp\/v2\/comments?post=8600"}],"version-history":[{"count":4,"href":"https:\/\/endogynecology.gr\/es\/wp-json\/wp\/v2\/pages\/8600\/revisions"}],"predecessor-version":[{"id":8604,"href":"https:\/\/endogynecology.gr\/es\/wp-json\/wp\/v2\/pages\/8600\/revisions\/8604"}],"wp:attachment":[{"href":"https:\/\/endogynecology.gr\/es\/wp-json\/wp\/v2\/media?parent=8600"}],"curies":[{"name":"wp","href":"https:\/\/api.w.org\/{rel}","templated":true}]}}