{"id":8191,"date":"2025-11-28T11:55:33","date_gmt":"2025-11-28T11:55:33","guid":{"rendered":"https:\/\/endogynecology.site-demo.gr\/myomectomy\/"},"modified":"2025-11-28T12:11:06","modified_gmt":"2025-11-28T12:11:06","slug":"mioectomia","status":"publish","type":"page","link":"https:\/\/endogynecology.gr\/es\/mioectomia\/","title":{"rendered":"MIOECTOM\u00cdA"},"content":{"rendered":"\t\t<div data-elementor-type=\"wp-page\" data-elementor-id=\"8191\" class=\"elementor elementor-8191 elementor-8158\">\n\t\t\t\t<div class=\"elementor-element elementor-element-7acd1ce e-flex e-con-boxed sc_layouts_column_icons_position_left e-con e-parent\" data-id=\"7acd1ce\" data-element_type=\"container\">\n\t\t\t\t\t<div class=\"e-con-inner\">\n\t\t<div class=\"e-con-gap-no elementor-element elementor-element-0c662b0 e-con-full e-flex sc_layouts_column_icons_position_left e-con e-child\" data-id=\"0c662b0\" data-element_type=\"container\">\n\t\t\t\t<\/div>\n\t\t<div class=\"e-con-gap-no elementor-element elementor-element-a1d0eba e-con-full e-flex sc_layouts_column_icons_position_left e-con e-child\" data-id=\"a1d0eba\" data-element_type=\"container\">\n\t\t\t\t<\/div>\n\t\t<div class=\"elementor-element elementor-element-2936b30 e-con-full e-flex sc_layouts_column_icons_position_left e-con e-child\" data-id=\"2936b30\" data-element_type=\"container\">\n\t\t\t\t<div class=\"elementor-element elementor-element-69c5378 sc_fly_static elementor-widget elementor-widget-image\" data-id=\"69c5378\" data-element_type=\"widget\" data-widget_type=\"image.default\">\n\t\t\t\t\t\t\t\t\t\t\t\t\t\t\t<img fetchpriority=\"high\" decoding=\"async\" width=\"680\" height=\"420\" src=\"https:\/\/endogynecology.gr\/wp-content\/uploads\/2025\/11\/82154060.png\" class=\"attachment-large size-large wp-image-8187\" alt=\"\" srcset=\"https:\/\/endogynecology.gr\/wp-content\/uploads\/2025\/11\/82154060.png 680w, https:\/\/endogynecology.gr\/wp-content\/uploads\/2025\/11\/82154060-300x185.png 300w, https:\/\/endogynecology.gr\/wp-content\/uploads\/2025\/11\/82154060-370x229.png 370w, https:\/\/endogynecology.gr\/wp-content\/uploads\/2025\/11\/82154060-410x253.png 410w\" sizes=\"(max-width: 767px) 100vw, 680px\" \/>\t\t\t\t\t\t\t\t\t\t\t\t\t\t\t<\/div>\n\t\t\t\t<div class=\"elementor-element elementor-element-9855e4c sc_fly_static elementor-widget elementor-widget-text-editor\" data-id=\"9855e4c\" data-element_type=\"widget\" data-widget_type=\"text-editor.default\">\n\t\t\t\t\t\t\t\t\t<p data-start=\"4137\" data-end=\"4175\"><strong data-start=\"4137\" data-end=\"4175\">Las condiciones: Fibromas uterinos<\/strong><\/p><p data-start=\"4177\" data-end=\"4504\">Los fibromas uterinos son un tipo com\u00fan de tumor benigno (no canceroso) que se desarrolla dentro del \u00fatero. Los fibromas aparecen en un tercio de la poblaci\u00f3n femenina y son la principal raz\u00f3n para someterse a histerectom\u00eda (extirpaci\u00f3n completa del \u00fatero). Una de cada cinco mujeres mayores de 35 a\u00f1os tiene fibromas uterinos.<\/p><p data-start=\"4506\" data-end=\"4733\">Los fibromas pueden contraerse gradualmente y transformarse en una masa \u00fanica con consecuencias desagradables. Sin embargo, los s\u00edntomas debidos a los fibromas incluyen sangrado menstrual excesivo, dolor p\u00e9lvico e infertilidad.<\/p><p data-start=\"4735\" data-end=\"4763\"><strong data-start=\"4735\" data-end=\"4763\">Tratamiento: Miomectom\u00eda<\/strong><\/p><p data-start=\"4765\" data-end=\"5061\">Una alternativa a la histerectom\u00eda en este caso es la miomectom\u00eda, que consiste en la extirpaci\u00f3n quir\u00fargica de los fibromas. Este procedimiento preserva el \u00fatero y se recomienda principalmente a mujeres que desean concebir. La miomectom\u00eda suele realizarse mediante una incisi\u00f3n abdominal grande.<\/p><p data-start=\"5063\" data-end=\"5356\">Despu\u00e9s de extirpar cada fibroma, el cirujano reconstruye cuidadosamente el interior del \u00fatero para evitar posibles hemorragias que puedan causar complicaciones postoperatorias. La reconstrucci\u00f3n uterina es igualmente importante, ya que reduce el riesgo de ruptura uterina durante el embarazo.<\/p><p data-start=\"5358\" data-end=\"5413\"><strong data-start=\"5358\" data-end=\"5413\">Miomectom\u00eda daVinci: Un m\u00e9todo m\u00ednimamente invasivo<\/strong><\/p><p data-start=\"5415\" data-end=\"5715\">Este m\u00e9todo utiliza el desarrollo tecnol\u00f3gico m\u00e1s avanzado en el \u00e1mbito m\u00e9dico: el sistema quir\u00fargico rob\u00f3tico daVinci. Este sistema est\u00e1 dise\u00f1ado para ayudar al cirujano a realizar una intervenci\u00f3n m\u00e1s precisa y m\u00ednimamente invasiva, con el objetivo de preservar el \u00fatero de la mejor manera posible.<\/p><p data-start=\"5717\" data-end=\"5812\">Las ventajas de este tratamiento en comparaci\u00f3n con los enfoques quir\u00fargicos tradicionales son:<\/p><ul><li data-start=\"5814\" data-end=\"6063\">Menor tiempo de hospitalizaci\u00f3n<\/li><li data-start=\"5814\" data-end=\"6063\">Menos dolor<\/li><li data-start=\"5814\" data-end=\"6063\">Menor riesgo de infecci\u00f3n<\/li><li data-start=\"5814\" data-end=\"6063\">Menor p\u00e9rdida de sangre y menor necesidad de transfusi\u00f3n<\/li><li data-start=\"5814\" data-end=\"6063\">Mejor resultado est\u00e9tico<\/li><li data-start=\"5814\" data-end=\"6063\">Recuperaci\u00f3n m\u00e1s r\u00e1pida y retorno a las actividades normales<\/li><li data-start=\"5814\" data-end=\"6063\">Preservaci\u00f3n del \u00fatero<\/li><\/ul><p data-start=\"6065\" data-end=\"6200\">Como en cualquier procedimiento quir\u00fargico, estos beneficios no pueden garantizarse, ya que dependen del estado cl\u00ednico de la paciente.<\/p>\t\t\t\t\t\t\t\t<\/div>\n\t\t\t\t<div class=\"elementor-element elementor-element-4c3337c sc_fly_static elementor-widget elementor-widget-image\" data-id=\"4c3337c\" data-element_type=\"widget\" data-widget_type=\"image.default\">\n\t\t\t\t\t\t\t\t\t\t\t\t\t\t\t<img decoding=\"async\" width=\"580\" height=\"441\" src=\"https:\/\/endogynecology.gr\/wp-content\/uploads\/2025\/11\/daVinci_myomectomy_incisions.png\" class=\"attachment-large size-large wp-image-8188\" alt=\"\" srcset=\"https:\/\/endogynecology.gr\/wp-content\/uploads\/2025\/11\/daVinci_myomectomy_incisions.png 580w, https:\/\/endogynecology.gr\/wp-content\/uploads\/2025\/11\/daVinci_myomectomy_incisions-300x228.png 300w, https:\/\/endogynecology.gr\/wp-content\/uploads\/2025\/11\/daVinci_myomectomy_incisions-370x281.png 370w, https:\/\/endogynecology.gr\/wp-content\/uploads\/2025\/11\/daVinci_myomectomy_incisions-410x312.png 410w\" sizes=\"(max-width: 767px) 100vw, 580px\" \/>\t\t\t\t\t\t\t\t\t\t\t\t\t\t\t<\/div>\n\t\t\t\t<div class=\"elementor-element elementor-element-d8bed11 sc_fly_static elementor-widget elementor-widget-heading\" data-id=\"d8bed11\" data-element_type=\"widget\" data-widget_type=\"heading.default\">\n\t\t\t\t\t<h4 class=\"elementor-heading-title elementor-size-default\">Folletos informativos<\/h4>\t\t\t\t<\/div>\n\t\t\t\t<\/div>\n\t\t\t\t\t<\/div>\n\t\t\t\t<\/div>\n\t\t<div class=\"elementor-element elementor-element-403e3ce e-flex e-con-boxed sc_layouts_column_icons_position_left e-con e-parent\" data-id=\"403e3ce\" data-element_type=\"container\">\n\t\t\t\t\t<div class=\"e-con-inner\">\n\t\t<div class=\"elementor-element elementor-element-1c47069 e-con-full e-flex sc_layouts_column_icons_position_left e-con e-child\" data-id=\"1c47069\" data-element_type=\"container\">\n\t\t\t\t<div class=\"elementor-element elementor-element-13f6989 sc_fly_static elementor-widget elementor-widget-spacer\" data-id=\"13f6989\" data-element_type=\"widget\" data-widget_type=\"spacer.default\">\n\t\t\t\t\t\t\t<div class=\"elementor-spacer\">\n\t\t\t<div class=\"elementor-spacer-inner\"><\/div>\n\t\t<\/div>\n\t\t\t\t\t\t<\/div>\n\t\t\t\t<div class=\"elementor-element elementor-element-1f26ec2 sc_fly_static elementor-widget elementor-widget-image\" data-id=\"1f26ec2\" data-element_type=\"widget\" data-widget_type=\"image.default\">\n\t\t\t\t\t\t\t\t\t\t\t\t\t\t\t\t<a href=\"https:\/\/endogynecology.gr\/wp-content\/uploads\/2025\/11\/Fibroids_daVinci_Surgery.pdf\">\n\t\t\t\t\t\t\t<img decoding=\"async\" width=\"180\" height=\"395\" src=\"https:\/\/endogynecology.gr\/wp-content\/uploads\/2025\/11\/Fibroids.png\" class=\"attachment-large size-large wp-image-8189\" alt=\"\" srcset=\"https:\/\/endogynecology.gr\/wp-content\/uploads\/2025\/11\/Fibroids.png 180w, https:\/\/endogynecology.gr\/wp-content\/uploads\/2025\/11\/Fibroids-137x300.png 137w\" sizes=\"(max-width: 180px) 100vw, 180px\" \/>\t\t\t\t\t\t\t\t<\/a>\n\t\t\t\t\t\t\t\t\t\t\t\t\t\t\t<\/div>\n\t\t\t\t<div class=\"elementor-element elementor-element-0ada620 sc_fly_static elementor-widget elementor-widget-text-editor\" data-id=\"0ada620\" data-element_type=\"widget\" data-widget_type=\"text-editor.default\">\n\t\t\t\t\t\t\t\t\t<p><a href=\"https:\/\/endogynecology.gr\/wp-content\/uploads\/2025\/11\/Gynaecological_Conditions_daVinci_Procedures.pdf\">DESCARGUE EL FORMULARIO AQU\u00cd<\/a><\/p>\t\t\t\t\t\t\t\t<\/div>\n\t\t\t\t<\/div>\n\t\t<div class=\"e-con-gap-no elementor-element elementor-element-f785d9c e-con-full e-flex sc_layouts_column_icons_position_left e-con e-child\" data-id=\"f785d9c\" data-element_type=\"container\">\n\t\t\t\t<\/div>\n\t\t\t\t\t<\/div>\n\t\t\t\t<\/div>\n\t\t\t\t<\/div>\n\t\t","protected":false},"excerpt":{"rendered":"<p>Las condiciones: Fibromas uterinos Los fibromas uterinos&hellip;<\/p>\n","protected":false},"author":1,"featured_media":8187,"parent":0,"menu_order":0,"comment_status":"closed","ping_status":"closed","template":"","meta":{"footnotes":""},"class_list":["post-8191","page","type-page","status-publish","has-post-thumbnail","hentry"],"yoast_head":"<!-- This site is optimized with the Yoast SEO plugin v26.9 - https:\/\/yoast.com\/product\/yoast-seo-wordpress\/ -->\n<title>MIOECTOM\u00cdA - Endogynecology<\/title>\n<meta name=\"robots\" content=\"noindex, follow, max-snippet:-1, max-image-preview:large, max-video-preview:-1\" \/>\n<meta property=\"og:locale\" content=\"es_ES\" \/>\n<meta property=\"og:type\" content=\"article\" \/>\n<meta property=\"og:title\" content=\"MIOECTOM\u00cdA - Endogynecology\" \/>\n<meta property=\"og:description\" content=\"Las condiciones: Fibromas uterinos Los fibromas uterinos&hellip;\" \/>\n<meta property=\"og:url\" content=\"https:\/\/endogynecology.gr\/inomuwmatektomi\/\" \/>\n<meta property=\"og:site_name\" content=\"Endogynecology\" \/>\n<meta property=\"article:modified_time\" content=\"2025-11-28T12:11:06+00:00\" \/>\n<meta property=\"og:image\" content=\"https:\/\/endogynecology.gr\/wp-content\/uploads\/2025\/11\/82154060.png\" \/>\n\t<meta property=\"og:image:width\" content=\"680\" \/>\n\t<meta property=\"og:image:height\" content=\"420\" \/>\n\t<meta property=\"og:image:type\" content=\"image\/png\" \/>\n<meta name=\"twitter:card\" content=\"summary_large_image\" \/>\n<meta name=\"twitter:label1\" content=\"Tiempo de lectura\" \/>\n\t<meta name=\"twitter:data1\" content=\"2 minutos\" \/>\n<script type=\"application\/ld+json\" class=\"yoast-schema-graph\">{\"@context\":\"https:\/\/schema.org\",\"@graph\":[{\"@type\":\"WebPage\",\"@id\":\"https:\/\/endogynecology.gr\/inomuwmatektomi\/\",\"url\":\"https:\/\/endogynecology.gr\/inomuwmatektomi\/\",\"name\":\"MIOECTOM\u00cdA - Endogynecology\",\"isPartOf\":{\"@id\":\"https:\/\/endogynecology.gr\/#website\"},\"primaryImageOfPage\":{\"@id\":\"https:\/\/endogynecology.gr\/inomuwmatektomi\/#primaryimage\"},\"image\":{\"@id\":\"https:\/\/endogynecology.gr\/inomuwmatektomi\/#primaryimage\"},\"thumbnailUrl\":\"https:\/\/endogynecology.gr\/wp-content\/uploads\/2025\/11\/82154060.png\",\"datePublished\":\"2025-11-28T11:55:33+00:00\",\"dateModified\":\"2025-11-28T12:11:06+00:00\",\"breadcrumb\":{\"@id\":\"https:\/\/endogynecology.gr\/inomuwmatektomi\/#breadcrumb\"},\"inLanguage\":\"es\",\"potentialAction\":[{\"@type\":\"ReadAction\",\"target\":[\"https:\/\/endogynecology.gr\/inomuwmatektomi\/\"]}]},{\"@type\":\"ImageObject\",\"inLanguage\":\"es\",\"@id\":\"https:\/\/endogynecology.gr\/inomuwmatektomi\/#primaryimage\",\"url\":\"https:\/\/endogynecology.gr\/wp-content\/uploads\/2025\/11\/82154060.png\",\"contentUrl\":\"https:\/\/endogynecology.gr\/wp-content\/uploads\/2025\/11\/82154060.png\",\"width\":680,\"height\":420},{\"@type\":\"BreadcrumbList\",\"@id\":\"https:\/\/endogynecology.gr\/inomuwmatektomi\/#breadcrumb\",\"itemListElement\":[{\"@type\":\"ListItem\",\"position\":1,\"name\":\"\u0391\u03c1\u03c7\u03b9\u03ba\u03ae\",\"item\":\"https:\/\/endogynecology.gr\/\"},{\"@type\":\"ListItem\",\"position\":2,\"name\":\"MIOECTOM\u00cdA\"}]},{\"@type\":\"WebSite\",\"@id\":\"https:\/\/endogynecology.gr\/#website\",\"url\":\"https:\/\/endogynecology.gr\/\",\"name\":\"Endogynecology\",\"description\":\"\u039b\u03b1\u03c0\u03b1\u03c1\u03bf\u03c3\u03ba\u03bf\u03c0\u03b9\u03ba\u03cc \u039a\u03ad\u03bd\u03c4\u03c1\u03bf \u0391\u03b8\u03b7\u03bd\u03ce\u03bd\",\"publisher\":{\"@id\":\"https:\/\/endogynecology.gr\/#organization\"},\"potentialAction\":[{\"@type\":\"SearchAction\",\"target\":{\"@type\":\"EntryPoint\",\"urlTemplate\":\"https:\/\/endogynecology.gr\/?s={search_term_string}\"},\"query-input\":{\"@type\":\"PropertyValueSpecification\",\"valueRequired\":true,\"valueName\":\"search_term_string\"}}],\"inLanguage\":\"es\"},{\"@type\":\"Organization\",\"@id\":\"https:\/\/endogynecology.gr\/#organization\",\"name\":\"Endogynecology\",\"url\":\"https:\/\/endogynecology.gr\/\",\"logo\":{\"@type\":\"ImageObject\",\"inLanguage\":\"es\",\"@id\":\"https:\/\/endogynecology.gr\/#\/schema\/logo\/image\/\",\"url\":\"https:\/\/endogynecology.gr\/wp-content\/uploads\/2025\/11\/logo.png\",\"contentUrl\":\"https:\/\/endogynecology.gr\/wp-content\/uploads\/2025\/11\/logo.png\",\"width\":450,\"height\":80,\"caption\":\"Endogynecology\"},\"image\":{\"@id\":\"https:\/\/endogynecology.gr\/#\/schema\/logo\/image\/\"}}]}<\/script>\n<!-- \/ Yoast SEO plugin. -->","yoast_head_json":{"title":"MIOECTOM\u00cdA - Endogynecology","robots":{"index":"noindex","follow":"follow","max-snippet":"max-snippet:-1","max-image-preview":"max-image-preview:large","max-video-preview":"max-video-preview:-1"},"og_locale":"es_ES","og_type":"article","og_title":"MIOECTOM\u00cdA - Endogynecology","og_description":"Las condiciones: Fibromas uterinos Los fibromas uterinos&hellip;","og_url":"https:\/\/endogynecology.gr\/inomuwmatektomi\/","og_site_name":"Endogynecology","article_modified_time":"2025-11-28T12:11:06+00:00","og_image":[{"width":680,"height":420,"url":"https:\/\/endogynecology.gr\/wp-content\/uploads\/2025\/11\/82154060.png","type":"image\/png"}],"twitter_card":"summary_large_image","twitter_misc":{"Tiempo de lectura":"2 minutos"},"schema":{"@context":"https:\/\/schema.org","@graph":[{"@type":"WebPage","@id":"https:\/\/endogynecology.gr\/inomuwmatektomi\/","url":"https:\/\/endogynecology.gr\/inomuwmatektomi\/","name":"MIOECTOM\u00cdA - Endogynecology","isPartOf":{"@id":"https:\/\/endogynecology.gr\/#website"},"primaryImageOfPage":{"@id":"https:\/\/endogynecology.gr\/inomuwmatektomi\/#primaryimage"},"image":{"@id":"https:\/\/endogynecology.gr\/inomuwmatektomi\/#primaryimage"},"thumbnailUrl":"https:\/\/endogynecology.gr\/wp-content\/uploads\/2025\/11\/82154060.png","datePublished":"2025-11-28T11:55:33+00:00","dateModified":"2025-11-28T12:11:06+00:00","breadcrumb":{"@id":"https:\/\/endogynecology.gr\/inomuwmatektomi\/#breadcrumb"},"inLanguage":"es","potentialAction":[{"@type":"ReadAction","target":["https:\/\/endogynecology.gr\/inomuwmatektomi\/"]}]},{"@type":"ImageObject","inLanguage":"es","@id":"https:\/\/endogynecology.gr\/inomuwmatektomi\/#primaryimage","url":"https:\/\/endogynecology.gr\/wp-content\/uploads\/2025\/11\/82154060.png","contentUrl":"https:\/\/endogynecology.gr\/wp-content\/uploads\/2025\/11\/82154060.png","width":680,"height":420},{"@type":"BreadcrumbList","@id":"https:\/\/endogynecology.gr\/inomuwmatektomi\/#breadcrumb","itemListElement":[{"@type":"ListItem","position":1,"name":"\u0391\u03c1\u03c7\u03b9\u03ba\u03ae","item":"https:\/\/endogynecology.gr\/"},{"@type":"ListItem","position":2,"name":"MIOECTOM\u00cdA"}]},{"@type":"WebSite","@id":"https:\/\/endogynecology.gr\/#website","url":"https:\/\/endogynecology.gr\/","name":"Endogynecology","description":"\u039b\u03b1\u03c0\u03b1\u03c1\u03bf\u03c3\u03ba\u03bf\u03c0\u03b9\u03ba\u03cc \u039a\u03ad\u03bd\u03c4\u03c1\u03bf \u0391\u03b8\u03b7\u03bd\u03ce\u03bd","publisher":{"@id":"https:\/\/endogynecology.gr\/#organization"},"potentialAction":[{"@type":"SearchAction","target":{"@type":"EntryPoint","urlTemplate":"https:\/\/endogynecology.gr\/?s={search_term_string}"},"query-input":{"@type":"PropertyValueSpecification","valueRequired":true,"valueName":"search_term_string"}}],"inLanguage":"es"},{"@type":"Organization","@id":"https:\/\/endogynecology.gr\/#organization","name":"Endogynecology","url":"https:\/\/endogynecology.gr\/","logo":{"@type":"ImageObject","inLanguage":"es","@id":"https:\/\/endogynecology.gr\/#\/schema\/logo\/image\/","url":"https:\/\/endogynecology.gr\/wp-content\/uploads\/2025\/11\/logo.png","contentUrl":"https:\/\/endogynecology.gr\/wp-content\/uploads\/2025\/11\/logo.png","width":450,"height":80,"caption":"Endogynecology"},"image":{"@id":"https:\/\/endogynecology.gr\/#\/schema\/logo\/image\/"}}]}},"_links":{"self":[{"href":"https:\/\/endogynecology.gr\/es\/wp-json\/wp\/v2\/pages\/8191","targetHints":{"allow":["GET"]}}],"collection":[{"href":"https:\/\/endogynecology.gr\/es\/wp-json\/wp\/v2\/pages"}],"about":[{"href":"https:\/\/endogynecology.gr\/es\/wp-json\/wp\/v2\/types\/page"}],"author":[{"embeddable":true,"href":"https:\/\/endogynecology.gr\/es\/wp-json\/wp\/v2\/users\/1"}],"replies":[{"embeddable":true,"href":"https:\/\/endogynecology.gr\/es\/wp-json\/wp\/v2\/comments?post=8191"}],"version-history":[{"count":4,"href":"https:\/\/endogynecology.gr\/es\/wp-json\/wp\/v2\/pages\/8191\/revisions"}],"predecessor-version":[{"id":8195,"href":"https:\/\/endogynecology.gr\/es\/wp-json\/wp\/v2\/pages\/8191\/revisions\/8195"}],"wp:featuredmedia":[{"embeddable":true,"href":"https:\/\/endogynecology.gr\/es\/wp-json\/wp\/v2\/media\/8187"}],"wp:attachment":[{"href":"https:\/\/endogynecology.gr\/es\/wp-json\/wp\/v2\/media?parent=8191"}],"curies":[{"name":"wp","href":"https:\/\/api.w.org\/{rel}","templated":true}]}}