{"id":8153,"date":"2025-11-28T11:35:18","date_gmt":"2025-11-28T11:35:18","guid":{"rendered":"https:\/\/endogynecology.site-demo.gr\/robotik\/"},"modified":"2025-11-28T11:53:10","modified_gmt":"2025-11-28T11:53:10","slug":"robotica","status":"publish","type":"page","link":"https:\/\/endogynecology.gr\/es\/robotica\/","title":{"rendered":"ROB\u00d3TICA"},"content":{"rendered":"\t\t<div data-elementor-type=\"wp-page\" data-elementor-id=\"8153\" class=\"elementor elementor-8153 elementor-8133\">\n\t\t\t\t<div class=\"elementor-element elementor-element-2592700 e-flex e-con-boxed sc_layouts_column_icons_position_left e-con e-parent\" data-id=\"2592700\" data-element_type=\"container\">\n\t\t\t\t\t<div class=\"e-con-inner\">\n\t\t<div class=\"elementor-element elementor-element-a190131 e-con-full e-flex sc_layouts_column_icons_position_left e-con e-child\" data-id=\"a190131\" data-element_type=\"container\">\n\t\t\t\t<div class=\"elementor-element elementor-element-8309488 sc_fly_static elementor-widget elementor-widget-heading\" data-id=\"8309488\" data-element_type=\"widget\" data-widget_type=\"heading.default\">\n\t\t\t\t\t<h3 class=\"elementor-heading-title elementor-size-default\">M\u00e9todo y ventajas<\/h3>\t\t\t\t<\/div>\n\t\t\t\t<div class=\"elementor-element elementor-element-c81de2a sc_fly_static elementor-widget elementor-widget-image\" data-id=\"c81de2a\" data-element_type=\"widget\" data-widget_type=\"image.default\">\n\t\t\t\t\t\t\t\t\t\t\t\t\t\t\t<img fetchpriority=\"high\" decoding=\"async\" width=\"680\" height=\"420\" src=\"https:\/\/endogynecology.gr\/wp-content\/uploads\/2025\/11\/92362123.png\" class=\"attachment-large size-large wp-image-7990\" alt=\"\" srcset=\"https:\/\/endogynecology.gr\/wp-content\/uploads\/2025\/11\/92362123.png 680w, https:\/\/endogynecology.gr\/wp-content\/uploads\/2025\/11\/92362123-300x185.png 300w, https:\/\/endogynecology.gr\/wp-content\/uploads\/2025\/11\/92362123-370x229.png 370w, https:\/\/endogynecology.gr\/wp-content\/uploads\/2025\/11\/92362123-410x253.png 410w\" sizes=\"(max-width: 767px) 100vw, 680px\" \/>\t\t\t\t\t\t\t\t\t\t\t\t\t\t\t<\/div>\n\t\t\t\t<div class=\"elementor-element elementor-element-a549f8b sc_fly_static elementor-widget elementor-widget-text-editor\" data-id=\"a549f8b\" data-element_type=\"widget\" data-widget_type=\"text-editor.default\">\n\t\t\t\t\t\t\t\t\t<p data-start=\"979\" data-end=\"1042\"><strong>\u00bfQu\u00e9 es el sistema quir\u00fargico rob\u00f3tico daVinci?<\/strong><\/p><p data-start=\"1044\" data-end=\"1394\" data-is-last-node=\"\" data-is-only-node=\"\">El sistema quir\u00fargico rob\u00f3tico daVinci representa el mayor avance tecnol\u00f3gico en el campo de la cirug\u00eda rob\u00f3tica. El sistema fue nombrado \u201cdaVinci\u201d porque Leonardo Da Vinci fue el primero en dedicarse al dise\u00f1o de m\u00e1quinas rob\u00f3ticas. El sistema daVinci est\u00e1 dise\u00f1ado para realizar procedimientos quir\u00fargicos delicados de la manera m\u00e1s eficaz posible.<\/p>\t\t\t\t\t\t\t\t<\/div>\n\t\t\t\t<div class=\"elementor-element elementor-element-05ce9c0 sc_fly_static elementor-widget elementor-widget-image\" data-id=\"05ce9c0\" data-element_type=\"widget\" data-widget_type=\"image.default\">\n\t\t\t\t\t\t\t\t\t\t\t\t\t\t\t<img decoding=\"async\" width=\"580\" height=\"348\" src=\"https:\/\/endogynecology.gr\/wp-content\/uploads\/2025\/11\/Surgery-Evolution.png\" class=\"attachment-large size-large wp-image-7991\" alt=\"\" srcset=\"https:\/\/endogynecology.gr\/wp-content\/uploads\/2025\/11\/Surgery-Evolution.png 580w, https:\/\/endogynecology.gr\/wp-content\/uploads\/2025\/11\/Surgery-Evolution-300x180.png 300w, https:\/\/endogynecology.gr\/wp-content\/uploads\/2025\/11\/Surgery-Evolution-370x222.png 370w, https:\/\/endogynecology.gr\/wp-content\/uploads\/2025\/11\/Surgery-Evolution-410x246.png 410w\" sizes=\"(max-width: 767px) 100vw, 580px\" \/>\t\t\t\t\t\t\t\t\t\t\t\t\t\t\t<\/div>\n\t\t\t\t<div class=\"elementor-element elementor-element-a0eff52 sc_fly_static elementor-widget elementor-widget-text-editor\" data-id=\"a0eff52\" data-element_type=\"widget\" data-widget_type=\"text-editor.default\">\n\t\t\t\t\t\t\t\t\t<p data-start=\"371\" data-end=\"445\"><strong>El sistema daVinci consta de tres componentes principales:<\/strong><\/p><ul><li data-start=\"447\" data-end=\"566\">La consola del cirujano.<\/li><li data-start=\"447\" data-end=\"566\">La base m\u00f3vil con brazos rob\u00f3ticos (robot).<\/li><li data-start=\"447\" data-end=\"566\">La base m\u00f3vil de visualizaci\u00f3n tridimensional.<\/li><\/ul><p data-start=\"167\" data-end=\"237\">\u00a0<\/p>\t\t\t\t\t\t\t\t<\/div>\n\t\t\t\t<div class=\"elementor-element elementor-element-2c2056c sc_fly_static elementor-widget elementor-widget-image\" data-id=\"2c2056c\" data-element_type=\"widget\" data-widget_type=\"image.default\">\n\t\t\t\t\t\t\t\t\t\t\t\t\t\t\t<img decoding=\"async\" width=\"580\" height=\"334\" src=\"https:\/\/endogynecology.gr\/wp-content\/uploads\/2025\/11\/davinci.png\" class=\"attachment-large size-large wp-image-7992\" alt=\"\" srcset=\"https:\/\/endogynecology.gr\/wp-content\/uploads\/2025\/11\/davinci.png 580w, https:\/\/endogynecology.gr\/wp-content\/uploads\/2025\/11\/davinci-300x173.png 300w, https:\/\/endogynecology.gr\/wp-content\/uploads\/2025\/11\/davinci-370x213.png 370w, https:\/\/endogynecology.gr\/wp-content\/uploads\/2025\/11\/davinci-410x236.png 410w\" sizes=\"(max-width: 767px) 100vw, 580px\" \/>\t\t\t\t\t\t\t\t\t\t\t\t\t\t\t<\/div>\n\t\t\t\t<div class=\"elementor-element elementor-element-9f4e37c sc_fly_static elementor-widget elementor-widget-text-editor\" data-id=\"9f4e37c\" data-element_type=\"widget\" data-widget_type=\"text-editor.default\">\n\t\t\t\t\t\t\t\t\t<p data-start=\"1080\" data-end=\"1136\"><strong>Las ventajas de la Cirug\u00eda Rob\u00f3tica son:<\/strong><\/p><ul><li data-start=\"1138\" data-end=\"1639\">Mayor grado de precisi\u00f3n quir\u00fargica.<\/li><li data-start=\"1138\" data-end=\"1639\">Visualizaci\u00f3n tridimensional del campo quir\u00fargico.<\/li><li data-start=\"1138\" data-end=\"1639\">Manipulaci\u00f3n c\u00f3moda y sencilla de los instrumentos quir\u00fargicos.<\/li><li data-start=\"1138\" data-end=\"1639\">Eliminaci\u00f3n del temblor de las manos.<\/li><li data-start=\"1138\" data-end=\"1639\">Posibilidad de realizar movimientos quir\u00fargicos complejos.<\/li><li data-start=\"1138\" data-end=\"1639\">Minimizaci\u00f3n de la p\u00e9rdida de sangre.<\/li><li data-start=\"1138\" data-end=\"1639\">Minimizaci\u00f3n del dolor postoperatorio.<\/li><li data-start=\"1138\" data-end=\"1639\">Evitar incisiones grandes, logrando un mejor resultado est\u00e9tico.<\/li><li data-start=\"1138\" data-end=\"1639\">Menor tiempo de hospitalizaci\u00f3n.<\/li><li data-start=\"1138\" data-end=\"1639\">Recuperaci\u00f3n r\u00e1pida y regreso a las actividades cotidianas.<\/li><\/ul>\t\t\t\t\t\t\t\t<\/div>\n\t\t\t\t<div class=\"elementor-element elementor-element-c925dee sc_fly_static elementor-widget elementor-widget-heading\" data-id=\"c925dee\" data-element_type=\"widget\" data-widget_type=\"heading.default\">\n\t\t\t\t\t<h4 class=\"elementor-heading-title elementor-size-default\">Folletos informativos<\/h4>\t\t\t\t<\/div>\n\t\t\t\t<\/div>\n\t\t\t\t\t<\/div>\n\t\t\t\t<\/div>\n\t\t<div class=\"elementor-element elementor-element-d2497aa e-flex e-con-boxed sc_layouts_column_icons_position_left e-con e-parent\" data-id=\"d2497aa\" data-element_type=\"container\">\n\t\t\t\t\t<div class=\"e-con-inner\">\n\t\t<div class=\"elementor-element elementor-element-0155101 e-con-full e-flex sc_layouts_column_icons_position_left e-con e-child\" data-id=\"0155101\" data-element_type=\"container\">\n\t\t\t\t<div class=\"elementor-element elementor-element-cdc153e sc_fly_static elementor-widget elementor-widget-spacer\" data-id=\"cdc153e\" data-element_type=\"widget\" data-widget_type=\"spacer.default\">\n\t\t\t\t\t\t\t<div class=\"elementor-spacer\">\n\t\t\t<div class=\"elementor-spacer-inner\"><\/div>\n\t\t<\/div>\n\t\t\t\t\t\t<\/div>\n\t\t\t\t<div class=\"elementor-element elementor-element-0e63c72 sc_fly_static elementor-widget elementor-widget-image\" data-id=\"0e63c72\" data-element_type=\"widget\" data-widget_type=\"image.default\">\n\t\t\t\t\t\t\t\t\t\t\t\t\t\t\t\t<a href=\"https:\/\/endogynecology.gr\/wp-content\/uploads\/2025\/11\/Gynaecological_Conditions_daVinci_Procedures.pdf\">\n\t\t\t\t\t\t\t<img loading=\"lazy\" decoding=\"async\" width=\"1024\" height=\"741\" src=\"https:\/\/endogynecology.gr\/wp-content\/uploads\/2025\/11\/Screenshot-2025-11-27-122914-1024x741.jpg\" class=\"attachment-large size-large wp-image-7993\" alt=\"\" srcset=\"https:\/\/endogynecology.gr\/wp-content\/uploads\/2025\/11\/Screenshot-2025-11-27-122914-1024x741.jpg 1024w, https:\/\/endogynecology.gr\/wp-content\/uploads\/2025\/11\/Screenshot-2025-11-27-122914-300x217.jpg 300w, https:\/\/endogynecology.gr\/wp-content\/uploads\/2025\/11\/Screenshot-2025-11-27-122914-768x556.jpg 768w, https:\/\/endogynecology.gr\/wp-content\/uploads\/2025\/11\/Screenshot-2025-11-27-122914-370x268.jpg 370w, https:\/\/endogynecology.gr\/wp-content\/uploads\/2025\/11\/Screenshot-2025-11-27-122914-924x669.jpg 924w, https:\/\/endogynecology.gr\/wp-content\/uploads\/2025\/11\/Screenshot-2025-11-27-122914-410x297.jpg 410w, https:\/\/endogynecology.gr\/wp-content\/uploads\/2025\/11\/Screenshot-2025-11-27-122914.jpg 1060w\" sizes=\"(max-width: 1024px) 100vw, 1024px\" \/>\t\t\t\t\t\t\t\t<\/a>\n\t\t\t\t\t\t\t\t\t\t\t\t\t\t\t<\/div>\n\t\t\t\t<div class=\"elementor-element elementor-element-8b9437f sc_fly_static elementor-widget elementor-widget-text-editor\" data-id=\"8b9437f\" data-element_type=\"widget\" data-widget_type=\"text-editor.default\">\n\t\t\t\t\t\t\t\t\t<p><a href=\"https:\/\/endogynecology.gr\/wp-content\/uploads\/2025\/11\/Gynaecological_Conditions_daVinci_Procedures.pdf\">DESCARGUE EL FOLLETO AQU\u00cd<\/a><\/p>\t\t\t\t\t\t\t\t<\/div>\n\t\t\t\t<\/div>\n\t\t<div class=\"e-con-gap-no elementor-element elementor-element-8849ebf e-con-full e-flex sc_layouts_column_icons_position_left e-con e-child\" data-id=\"8849ebf\" data-element_type=\"container\">\n\t\t\t\t<\/div>\n\t\t\t\t\t<\/div>\n\t\t\t\t<\/div>\n\t\t\t\t<\/div>\n\t\t","protected":false},"excerpt":{"rendered":"<p>M\u00e9todo y ventajas \u00bfQu\u00e9 es el sistema&hellip;<\/p>\n","protected":false},"author":1,"featured_media":7990,"parent":0,"menu_order":0,"comment_status":"closed","ping_status":"closed","template":"","meta":{"footnotes":""},"class_list":["post-8153","page","type-page","status-publish","has-post-thumbnail","hentry"],"yoast_head":"<!-- This site is optimized with the Yoast SEO plugin v26.9 - https:\/\/yoast.com\/product\/yoast-seo-wordpress\/ -->\n<title>ROB\u00d3TICA - Endogynecology<\/title>\n<meta name=\"robots\" content=\"noindex, follow, max-snippet:-1, max-image-preview:large, max-video-preview:-1\" \/>\n<meta property=\"og:locale\" content=\"es_ES\" \/>\n<meta property=\"og:type\" content=\"article\" \/>\n<meta property=\"og:title\" content=\"ROB\u00d3TICA - Endogynecology\" \/>\n<meta property=\"og:description\" content=\"M\u00e9todo y ventajas \u00bfQu\u00e9 es el sistema&hellip;\" \/>\n<meta property=\"og:url\" content=\"https:\/\/endogynecology.gr\/robotiki\/\" \/>\n<meta property=\"og:site_name\" content=\"Endogynecology\" \/>\n<meta property=\"article:modified_time\" content=\"2025-11-28T11:53:10+00:00\" \/>\n<meta property=\"og:image\" content=\"https:\/\/endogynecology.gr\/wp-content\/uploads\/2025\/11\/92362123.png\" \/>\n\t<meta property=\"og:image:width\" content=\"680\" \/>\n\t<meta property=\"og:image:height\" content=\"420\" \/>\n\t<meta property=\"og:image:type\" content=\"image\/png\" \/>\n<meta name=\"twitter:card\" content=\"summary_large_image\" \/>\n<meta name=\"twitter:label1\" content=\"Tiempo de lectura\" \/>\n\t<meta name=\"twitter:data1\" content=\"1 minuto\" \/>\n<script type=\"application\/ld+json\" class=\"yoast-schema-graph\">{\"@context\":\"https:\/\/schema.org\",\"@graph\":[{\"@type\":\"WebPage\",\"@id\":\"https:\/\/endogynecology.gr\/robotiki\/\",\"url\":\"https:\/\/endogynecology.gr\/robotiki\/\",\"name\":\"ROB\u00d3TICA - Endogynecology\",\"isPartOf\":{\"@id\":\"https:\/\/endogynecology.gr\/#website\"},\"primaryImageOfPage\":{\"@id\":\"https:\/\/endogynecology.gr\/robotiki\/#primaryimage\"},\"image\":{\"@id\":\"https:\/\/endogynecology.gr\/robotiki\/#primaryimage\"},\"thumbnailUrl\":\"https:\/\/endogynecology.gr\/wp-content\/uploads\/2025\/11\/92362123.png\",\"datePublished\":\"2025-11-28T11:35:18+00:00\",\"dateModified\":\"2025-11-28T11:53:10+00:00\",\"breadcrumb\":{\"@id\":\"https:\/\/endogynecology.gr\/robotiki\/#breadcrumb\"},\"inLanguage\":\"es\",\"potentialAction\":[{\"@type\":\"ReadAction\",\"target\":[\"https:\/\/endogynecology.gr\/robotiki\/\"]}]},{\"@type\":\"ImageObject\",\"inLanguage\":\"es\",\"@id\":\"https:\/\/endogynecology.gr\/robotiki\/#primaryimage\",\"url\":\"https:\/\/endogynecology.gr\/wp-content\/uploads\/2025\/11\/92362123.png\",\"contentUrl\":\"https:\/\/endogynecology.gr\/wp-content\/uploads\/2025\/11\/92362123.png\",\"width\":680,\"height\":420},{\"@type\":\"BreadcrumbList\",\"@id\":\"https:\/\/endogynecology.gr\/robotiki\/#breadcrumb\",\"itemListElement\":[{\"@type\":\"ListItem\",\"position\":1,\"name\":\"\u0391\u03c1\u03c7\u03b9\u03ba\u03ae\",\"item\":\"https:\/\/endogynecology.gr\/\"},{\"@type\":\"ListItem\",\"position\":2,\"name\":\"ROB\u00d3TICA\"}]},{\"@type\":\"WebSite\",\"@id\":\"https:\/\/endogynecology.gr\/#website\",\"url\":\"https:\/\/endogynecology.gr\/\",\"name\":\"Endogynecology\",\"description\":\"\u039b\u03b1\u03c0\u03b1\u03c1\u03bf\u03c3\u03ba\u03bf\u03c0\u03b9\u03ba\u03cc \u039a\u03ad\u03bd\u03c4\u03c1\u03bf \u0391\u03b8\u03b7\u03bd\u03ce\u03bd\",\"publisher\":{\"@id\":\"https:\/\/endogynecology.gr\/#organization\"},\"potentialAction\":[{\"@type\":\"SearchAction\",\"target\":{\"@type\":\"EntryPoint\",\"urlTemplate\":\"https:\/\/endogynecology.gr\/?s={search_term_string}\"},\"query-input\":{\"@type\":\"PropertyValueSpecification\",\"valueRequired\":true,\"valueName\":\"search_term_string\"}}],\"inLanguage\":\"es\"},{\"@type\":\"Organization\",\"@id\":\"https:\/\/endogynecology.gr\/#organization\",\"name\":\"Endogynecology\",\"url\":\"https:\/\/endogynecology.gr\/\",\"logo\":{\"@type\":\"ImageObject\",\"inLanguage\":\"es\",\"@id\":\"https:\/\/endogynecology.gr\/#\/schema\/logo\/image\/\",\"url\":\"https:\/\/endogynecology.gr\/wp-content\/uploads\/2025\/11\/logo.png\",\"contentUrl\":\"https:\/\/endogynecology.gr\/wp-content\/uploads\/2025\/11\/logo.png\",\"width\":450,\"height\":80,\"caption\":\"Endogynecology\"},\"image\":{\"@id\":\"https:\/\/endogynecology.gr\/#\/schema\/logo\/image\/\"}}]}<\/script>\n<!-- \/ Yoast SEO plugin. -->","yoast_head_json":{"title":"ROB\u00d3TICA - Endogynecology","robots":{"index":"noindex","follow":"follow","max-snippet":"max-snippet:-1","max-image-preview":"max-image-preview:large","max-video-preview":"max-video-preview:-1"},"og_locale":"es_ES","og_type":"article","og_title":"ROB\u00d3TICA - Endogynecology","og_description":"M\u00e9todo y ventajas \u00bfQu\u00e9 es el sistema&hellip;","og_url":"https:\/\/endogynecology.gr\/robotiki\/","og_site_name":"Endogynecology","article_modified_time":"2025-11-28T11:53:10+00:00","og_image":[{"width":680,"height":420,"url":"https:\/\/endogynecology.gr\/wp-content\/uploads\/2025\/11\/92362123.png","type":"image\/png"}],"twitter_card":"summary_large_image","twitter_misc":{"Tiempo de lectura":"1 minuto"},"schema":{"@context":"https:\/\/schema.org","@graph":[{"@type":"WebPage","@id":"https:\/\/endogynecology.gr\/robotiki\/","url":"https:\/\/endogynecology.gr\/robotiki\/","name":"ROB\u00d3TICA - Endogynecology","isPartOf":{"@id":"https:\/\/endogynecology.gr\/#website"},"primaryImageOfPage":{"@id":"https:\/\/endogynecology.gr\/robotiki\/#primaryimage"},"image":{"@id":"https:\/\/endogynecology.gr\/robotiki\/#primaryimage"},"thumbnailUrl":"https:\/\/endogynecology.gr\/wp-content\/uploads\/2025\/11\/92362123.png","datePublished":"2025-11-28T11:35:18+00:00","dateModified":"2025-11-28T11:53:10+00:00","breadcrumb":{"@id":"https:\/\/endogynecology.gr\/robotiki\/#breadcrumb"},"inLanguage":"es","potentialAction":[{"@type":"ReadAction","target":["https:\/\/endogynecology.gr\/robotiki\/"]}]},{"@type":"ImageObject","inLanguage":"es","@id":"https:\/\/endogynecology.gr\/robotiki\/#primaryimage","url":"https:\/\/endogynecology.gr\/wp-content\/uploads\/2025\/11\/92362123.png","contentUrl":"https:\/\/endogynecology.gr\/wp-content\/uploads\/2025\/11\/92362123.png","width":680,"height":420},{"@type":"BreadcrumbList","@id":"https:\/\/endogynecology.gr\/robotiki\/#breadcrumb","itemListElement":[{"@type":"ListItem","position":1,"name":"\u0391\u03c1\u03c7\u03b9\u03ba\u03ae","item":"https:\/\/endogynecology.gr\/"},{"@type":"ListItem","position":2,"name":"ROB\u00d3TICA"}]},{"@type":"WebSite","@id":"https:\/\/endogynecology.gr\/#website","url":"https:\/\/endogynecology.gr\/","name":"Endogynecology","description":"\u039b\u03b1\u03c0\u03b1\u03c1\u03bf\u03c3\u03ba\u03bf\u03c0\u03b9\u03ba\u03cc \u039a\u03ad\u03bd\u03c4\u03c1\u03bf \u0391\u03b8\u03b7\u03bd\u03ce\u03bd","publisher":{"@id":"https:\/\/endogynecology.gr\/#organization"},"potentialAction":[{"@type":"SearchAction","target":{"@type":"EntryPoint","urlTemplate":"https:\/\/endogynecology.gr\/?s={search_term_string}"},"query-input":{"@type":"PropertyValueSpecification","valueRequired":true,"valueName":"search_term_string"}}],"inLanguage":"es"},{"@type":"Organization","@id":"https:\/\/endogynecology.gr\/#organization","name":"Endogynecology","url":"https:\/\/endogynecology.gr\/","logo":{"@type":"ImageObject","inLanguage":"es","@id":"https:\/\/endogynecology.gr\/#\/schema\/logo\/image\/","url":"https:\/\/endogynecology.gr\/wp-content\/uploads\/2025\/11\/logo.png","contentUrl":"https:\/\/endogynecology.gr\/wp-content\/uploads\/2025\/11\/logo.png","width":450,"height":80,"caption":"Endogynecology"},"image":{"@id":"https:\/\/endogynecology.gr\/#\/schema\/logo\/image\/"}}]}},"_links":{"self":[{"href":"https:\/\/endogynecology.gr\/es\/wp-json\/wp\/v2\/pages\/8153","targetHints":{"allow":["GET"]}}],"collection":[{"href":"https:\/\/endogynecology.gr\/es\/wp-json\/wp\/v2\/pages"}],"about":[{"href":"https:\/\/endogynecology.gr\/es\/wp-json\/wp\/v2\/types\/page"}],"author":[{"embeddable":true,"href":"https:\/\/endogynecology.gr\/es\/wp-json\/wp\/v2\/users\/1"}],"replies":[{"embeddable":true,"href":"https:\/\/endogynecology.gr\/es\/wp-json\/wp\/v2\/comments?post=8153"}],"version-history":[{"count":4,"href":"https:\/\/endogynecology.gr\/es\/wp-json\/wp\/v2\/pages\/8153\/revisions"}],"predecessor-version":[{"id":8157,"href":"https:\/\/endogynecology.gr\/es\/wp-json\/wp\/v2\/pages\/8153\/revisions\/8157"}],"wp:featuredmedia":[{"embeddable":true,"href":"https:\/\/endogynecology.gr\/es\/wp-json\/wp\/v2\/media\/7990"}],"wp:attachment":[{"href":"https:\/\/endogynecology.gr\/es\/wp-json\/wp\/v2\/media?parent=8153"}],"curies":[{"name":"wp","href":"https:\/\/api.w.org\/{rel}","templated":true}]}}