{"id":7995,"date":"2025-11-27T10:27:38","date_gmt":"2025-11-27T10:27:38","guid":{"rendered":"https:\/\/endogynecology.site-demo.gr\/hysteroskopie\/"},"modified":"2025-11-28T12:44:34","modified_gmt":"2025-11-28T12:44:34","slug":"histeroscopia","status":"publish","type":"page","link":"https:\/\/endogynecology.gr\/es\/histeroscopia\/","title":{"rendered":"HISTEROSCOPIA"},"content":{"rendered":"\t\t<div data-elementor-type=\"wp-page\" data-elementor-id=\"7995\" class=\"elementor elementor-7995 elementor-7952\">\n\t\t\t\t<div class=\"elementor-element elementor-element-2592700 e-flex e-con-boxed sc_layouts_column_icons_position_left e-con e-parent\" data-id=\"2592700\" data-element_type=\"container\">\n\t\t\t\t\t<div class=\"e-con-inner\">\n\t\t<div class=\"elementor-element elementor-element-a190131 e-con-full e-flex sc_layouts_column_icons_position_left e-con e-child\" data-id=\"a190131\" data-element_type=\"container\">\n\t\t\t\t<div class=\"elementor-element elementor-element-c81de2a sc_fly_static elementor-widget elementor-widget-image\" data-id=\"c81de2a\" data-element_type=\"widget\" data-widget_type=\"image.default\">\n\t\t\t\t\t\t\t\t\t\t\t\t\t\t\t<img fetchpriority=\"high\" decoding=\"async\" width=\"680\" height=\"420\" src=\"https:\/\/endogynecology.gr\/wp-content\/uploads\/2025\/11\/w2-1.png\" class=\"attachment-large size-large wp-image-7939\" alt=\"\" srcset=\"https:\/\/endogynecology.gr\/wp-content\/uploads\/2025\/11\/w2-1.png 680w, https:\/\/endogynecology.gr\/wp-content\/uploads\/2025\/11\/w2-1-300x185.png 300w, https:\/\/endogynecology.gr\/wp-content\/uploads\/2025\/11\/w2-1-370x229.png 370w, https:\/\/endogynecology.gr\/wp-content\/uploads\/2025\/11\/w2-1-410x253.png 410w\" sizes=\"(max-width: 767px) 100vw, 680px\" \/>\t\t\t\t\t\t\t\t\t\t\t\t\t\t\t<\/div>\n\t\t\t\t<div class=\"elementor-element elementor-element-a549f8b sc_fly_static elementor-widget elementor-widget-text-editor\" data-id=\"a549f8b\" data-element_type=\"widget\" data-widget_type=\"text-editor.default\">\n\t\t\t\t\t\t\t\t\t<p data-start=\"2370\" data-end=\"2662\"><strong data-start=\"2370\" data-end=\"2662\">La histeroscopia es un procedimiento quir\u00fargico necesario para el diagn\u00f3stico de enfermedades de la cavidad uterina (el interior del \u00fatero), como p\u00f3lipos, fibromas, hiperplasia endometrial (el revestimiento normal del \u00fatero), anomal\u00edas cong\u00e9nitas como el tabique uterino, as\u00ed como c\u00e1ncer.<\/strong><\/p><p data-start=\"2664\" data-end=\"3136\">Se realiza sin incisiones, a trav\u00e9s de la vagina, mediante la apertura del cuello uterino, que constituye la continuaci\u00f3n del cuerpo uterino. Se lleva a cabo utilizando un medio de distensi\u00f3n (como suero fisiol\u00f3gico o di\u00f3xido de carbono) y no requiere anestesia general, a menos que la mujer lo desee o si no ha tenido hijos. No suele producir dolor, pero si el procedimiento resulta inc\u00f3modo, puede suspenderse en cualquier momento y realizarse bajo sedaci\u00f3n o anestesia.<\/p><p data-start=\"3138\" data-end=\"3472\">La paciente suele ser dada de alta aproximadamente media hora despu\u00e9s si no se utiliza anestesia o si solo se aplica anestesia local. En caso de sedaci\u00f3n o anestesia, puede regresar a casa despu\u00e9s de unas pocas horas (2\u20134). El diagn\u00f3stico se realiza de inmediato, a menos que el ginec\u00f3logo est\u00e9 esperando los resultados de la biopsia.<\/p>\t\t\t\t\t\t\t\t<\/div>\n\t\t\t\t<div class=\"elementor-element elementor-element-49a2983 sc_fly_static elementor-widget elementor-widget-image\" data-id=\"49a2983\" data-element_type=\"widget\" data-widget_type=\"image.default\">\n\t\t\t\t\t\t\t\t\t\t\t\t\t\t\t<img decoding=\"async\" width=\"700\" height=\"711\" src=\"https:\/\/endogynecology.gr\/wp-content\/uploads\/2025\/11\/diagnwstiki_usteroskopisi.jpg\" class=\"attachment-large size-large wp-image-8265\" alt=\"\" srcset=\"https:\/\/endogynecology.gr\/wp-content\/uploads\/2025\/11\/diagnwstiki_usteroskopisi.jpg 700w, https:\/\/endogynecology.gr\/wp-content\/uploads\/2025\/11\/diagnwstiki_usteroskopisi-295x300.jpg 295w, https:\/\/endogynecology.gr\/wp-content\/uploads\/2025\/11\/diagnwstiki_usteroskopisi-370x376.jpg 370w, https:\/\/endogynecology.gr\/wp-content\/uploads\/2025\/11\/diagnwstiki_usteroskopisi-90x90.jpg 90w, https:\/\/endogynecology.gr\/wp-content\/uploads\/2025\/11\/diagnwstiki_usteroskopisi-410x416.jpg 410w\" sizes=\"(max-width: 767px) 100vw, 700px\" \/>\t\t\t\t\t\t\t\t\t\t\t\t\t\t\t<\/div>\n\t\t\t\t<\/div>\n\t\t\t\t\t<\/div>\n\t\t\t\t<\/div>\n\t\t\t\t<\/div>\n\t\t","protected":false},"excerpt":{"rendered":"<p>La histeroscopia es un procedimiento quir\u00fargico necesario&hellip;<\/p>\n","protected":false},"author":1,"featured_media":7990,"parent":0,"menu_order":0,"comment_status":"closed","ping_status":"closed","template":"","meta":{"footnotes":""},"class_list":["post-7995","page","type-page","status-publish","has-post-thumbnail","hentry"],"yoast_head":"<!-- This site is optimized with the Yoast SEO plugin v26.9 - https:\/\/yoast.com\/product\/yoast-seo-wordpress\/ -->\n<title>HISTEROSCOPIA - Endogynecology<\/title>\n<meta name=\"robots\" content=\"noindex, follow, max-snippet:-1, max-image-preview:large, max-video-preview:-1\" \/>\n<meta property=\"og:locale\" content=\"es_ES\" \/>\n<meta property=\"og:type\" content=\"article\" \/>\n<meta property=\"og:title\" content=\"HISTEROSCOPIA - Endogynecology\" \/>\n<meta property=\"og:description\" content=\"La histeroscopia es un procedimiento quir\u00fargico necesario&hellip;\" \/>\n<meta property=\"og:url\" content=\"https:\/\/endogynecology.gr\/usteroskopisi\/\" \/>\n<meta property=\"og:site_name\" content=\"Endogynecology\" \/>\n<meta property=\"article:modified_time\" content=\"2025-11-28T12:44:34+00:00\" \/>\n<meta property=\"og:image\" content=\"https:\/\/endogynecology.gr\/wp-content\/uploads\/2025\/11\/92362123.png\" \/>\n\t<meta property=\"og:image:width\" content=\"680\" \/>\n\t<meta property=\"og:image:height\" content=\"420\" \/>\n\t<meta property=\"og:image:type\" content=\"image\/png\" \/>\n<meta name=\"twitter:card\" content=\"summary_large_image\" \/>\n<meta name=\"twitter:label1\" content=\"Tiempo de lectura\" \/>\n\t<meta name=\"twitter:data1\" content=\"1 minuto\" \/>\n<script type=\"application\/ld+json\" class=\"yoast-schema-graph\">{\"@context\":\"https:\/\/schema.org\",\"@graph\":[{\"@type\":\"WebPage\",\"@id\":\"https:\/\/endogynecology.gr\/usteroskopisi\/\",\"url\":\"https:\/\/endogynecology.gr\/usteroskopisi\/\",\"name\":\"HISTEROSCOPIA - Endogynecology\",\"isPartOf\":{\"@id\":\"https:\/\/endogynecology.gr\/#website\"},\"primaryImageOfPage\":{\"@id\":\"https:\/\/endogynecology.gr\/usteroskopisi\/#primaryimage\"},\"image\":{\"@id\":\"https:\/\/endogynecology.gr\/usteroskopisi\/#primaryimage\"},\"thumbnailUrl\":\"https:\/\/endogynecology.gr\/wp-content\/uploads\/2025\/11\/92362123.png\",\"datePublished\":\"2025-11-27T10:27:38+00:00\",\"dateModified\":\"2025-11-28T12:44:34+00:00\",\"breadcrumb\":{\"@id\":\"https:\/\/endogynecology.gr\/usteroskopisi\/#breadcrumb\"},\"inLanguage\":\"es\",\"potentialAction\":[{\"@type\":\"ReadAction\",\"target\":[\"https:\/\/endogynecology.gr\/usteroskopisi\/\"]}]},{\"@type\":\"ImageObject\",\"inLanguage\":\"es\",\"@id\":\"https:\/\/endogynecology.gr\/usteroskopisi\/#primaryimage\",\"url\":\"https:\/\/endogynecology.gr\/wp-content\/uploads\/2025\/11\/92362123.png\",\"contentUrl\":\"https:\/\/endogynecology.gr\/wp-content\/uploads\/2025\/11\/92362123.png\",\"width\":680,\"height\":420},{\"@type\":\"BreadcrumbList\",\"@id\":\"https:\/\/endogynecology.gr\/usteroskopisi\/#breadcrumb\",\"itemListElement\":[{\"@type\":\"ListItem\",\"position\":1,\"name\":\"\u0391\u03c1\u03c7\u03b9\u03ba\u03ae\",\"item\":\"https:\/\/endogynecology.gr\/\"},{\"@type\":\"ListItem\",\"position\":2,\"name\":\"HISTEROSCOPIA\"}]},{\"@type\":\"WebSite\",\"@id\":\"https:\/\/endogynecology.gr\/#website\",\"url\":\"https:\/\/endogynecology.gr\/\",\"name\":\"Endogynecology\",\"description\":\"\u039b\u03b1\u03c0\u03b1\u03c1\u03bf\u03c3\u03ba\u03bf\u03c0\u03b9\u03ba\u03cc \u039a\u03ad\u03bd\u03c4\u03c1\u03bf \u0391\u03b8\u03b7\u03bd\u03ce\u03bd\",\"publisher\":{\"@id\":\"https:\/\/endogynecology.gr\/#organization\"},\"potentialAction\":[{\"@type\":\"SearchAction\",\"target\":{\"@type\":\"EntryPoint\",\"urlTemplate\":\"https:\/\/endogynecology.gr\/?s={search_term_string}\"},\"query-input\":{\"@type\":\"PropertyValueSpecification\",\"valueRequired\":true,\"valueName\":\"search_term_string\"}}],\"inLanguage\":\"es\"},{\"@type\":\"Organization\",\"@id\":\"https:\/\/endogynecology.gr\/#organization\",\"name\":\"Endogynecology\",\"url\":\"https:\/\/endogynecology.gr\/\",\"logo\":{\"@type\":\"ImageObject\",\"inLanguage\":\"es\",\"@id\":\"https:\/\/endogynecology.gr\/#\/schema\/logo\/image\/\",\"url\":\"https:\/\/endogynecology.gr\/wp-content\/uploads\/2025\/11\/logo.png\",\"contentUrl\":\"https:\/\/endogynecology.gr\/wp-content\/uploads\/2025\/11\/logo.png\",\"width\":450,\"height\":80,\"caption\":\"Endogynecology\"},\"image\":{\"@id\":\"https:\/\/endogynecology.gr\/#\/schema\/logo\/image\/\"}}]}<\/script>\n<!-- \/ Yoast SEO plugin. -->","yoast_head_json":{"title":"HISTEROSCOPIA - Endogynecology","robots":{"index":"noindex","follow":"follow","max-snippet":"max-snippet:-1","max-image-preview":"max-image-preview:large","max-video-preview":"max-video-preview:-1"},"og_locale":"es_ES","og_type":"article","og_title":"HISTEROSCOPIA - Endogynecology","og_description":"La histeroscopia es un procedimiento quir\u00fargico necesario&hellip;","og_url":"https:\/\/endogynecology.gr\/usteroskopisi\/","og_site_name":"Endogynecology","article_modified_time":"2025-11-28T12:44:34+00:00","og_image":[{"width":680,"height":420,"url":"https:\/\/endogynecology.gr\/wp-content\/uploads\/2025\/11\/92362123.png","type":"image\/png"}],"twitter_card":"summary_large_image","twitter_misc":{"Tiempo de lectura":"1 minuto"},"schema":{"@context":"https:\/\/schema.org","@graph":[{"@type":"WebPage","@id":"https:\/\/endogynecology.gr\/usteroskopisi\/","url":"https:\/\/endogynecology.gr\/usteroskopisi\/","name":"HISTEROSCOPIA - Endogynecology","isPartOf":{"@id":"https:\/\/endogynecology.gr\/#website"},"primaryImageOfPage":{"@id":"https:\/\/endogynecology.gr\/usteroskopisi\/#primaryimage"},"image":{"@id":"https:\/\/endogynecology.gr\/usteroskopisi\/#primaryimage"},"thumbnailUrl":"https:\/\/endogynecology.gr\/wp-content\/uploads\/2025\/11\/92362123.png","datePublished":"2025-11-27T10:27:38+00:00","dateModified":"2025-11-28T12:44:34+00:00","breadcrumb":{"@id":"https:\/\/endogynecology.gr\/usteroskopisi\/#breadcrumb"},"inLanguage":"es","potentialAction":[{"@type":"ReadAction","target":["https:\/\/endogynecology.gr\/usteroskopisi\/"]}]},{"@type":"ImageObject","inLanguage":"es","@id":"https:\/\/endogynecology.gr\/usteroskopisi\/#primaryimage","url":"https:\/\/endogynecology.gr\/wp-content\/uploads\/2025\/11\/92362123.png","contentUrl":"https:\/\/endogynecology.gr\/wp-content\/uploads\/2025\/11\/92362123.png","width":680,"height":420},{"@type":"BreadcrumbList","@id":"https:\/\/endogynecology.gr\/usteroskopisi\/#breadcrumb","itemListElement":[{"@type":"ListItem","position":1,"name":"\u0391\u03c1\u03c7\u03b9\u03ba\u03ae","item":"https:\/\/endogynecology.gr\/"},{"@type":"ListItem","position":2,"name":"HISTEROSCOPIA"}]},{"@type":"WebSite","@id":"https:\/\/endogynecology.gr\/#website","url":"https:\/\/endogynecology.gr\/","name":"Endogynecology","description":"\u039b\u03b1\u03c0\u03b1\u03c1\u03bf\u03c3\u03ba\u03bf\u03c0\u03b9\u03ba\u03cc \u039a\u03ad\u03bd\u03c4\u03c1\u03bf \u0391\u03b8\u03b7\u03bd\u03ce\u03bd","publisher":{"@id":"https:\/\/endogynecology.gr\/#organization"},"potentialAction":[{"@type":"SearchAction","target":{"@type":"EntryPoint","urlTemplate":"https:\/\/endogynecology.gr\/?s={search_term_string}"},"query-input":{"@type":"PropertyValueSpecification","valueRequired":true,"valueName":"search_term_string"}}],"inLanguage":"es"},{"@type":"Organization","@id":"https:\/\/endogynecology.gr\/#organization","name":"Endogynecology","url":"https:\/\/endogynecology.gr\/","logo":{"@type":"ImageObject","inLanguage":"es","@id":"https:\/\/endogynecology.gr\/#\/schema\/logo\/image\/","url":"https:\/\/endogynecology.gr\/wp-content\/uploads\/2025\/11\/logo.png","contentUrl":"https:\/\/endogynecology.gr\/wp-content\/uploads\/2025\/11\/logo.png","width":450,"height":80,"caption":"Endogynecology"},"image":{"@id":"https:\/\/endogynecology.gr\/#\/schema\/logo\/image\/"}}]}},"_links":{"self":[{"href":"https:\/\/endogynecology.gr\/es\/wp-json\/wp\/v2\/pages\/7995","targetHints":{"allow":["GET"]}}],"collection":[{"href":"https:\/\/endogynecology.gr\/es\/wp-json\/wp\/v2\/pages"}],"about":[{"href":"https:\/\/endogynecology.gr\/es\/wp-json\/wp\/v2\/types\/page"}],"author":[{"embeddable":true,"href":"https:\/\/endogynecology.gr\/es\/wp-json\/wp\/v2\/users\/1"}],"replies":[{"embeddable":true,"href":"https:\/\/endogynecology.gr\/es\/wp-json\/wp\/v2\/comments?post=7995"}],"version-history":[{"count":7,"href":"https:\/\/endogynecology.gr\/es\/wp-json\/wp\/v2\/pages\/7995\/revisions"}],"predecessor-version":[{"id":8268,"href":"https:\/\/endogynecology.gr\/es\/wp-json\/wp\/v2\/pages\/7995\/revisions\/8268"}],"wp:featuredmedia":[{"embeddable":true,"href":"https:\/\/endogynecology.gr\/es\/wp-json\/wp\/v2\/media\/7990"}],"wp:attachment":[{"href":"https:\/\/endogynecology.gr\/es\/wp-json\/wp\/v2\/media?parent=7995"}],"curies":[{"name":"wp","href":"https:\/\/api.w.org\/{rel}","templated":true}]}}