{"id":8118,"date":"2025-11-28T11:22:43","date_gmt":"2025-11-28T11:22:43","guid":{"rendered":"https:\/\/endogynecology.site-demo.gr\/therapeia-diafragmatos-mitras\/"},"modified":"2025-11-28T11:28:11","modified_gmt":"2025-11-28T11:28:11","slug":"behandlung-des-gebaermutterseptums","status":"publish","type":"page","link":"https:\/\/endogynecology.gr\/de\/behandlung-des-gebaermutterseptums\/","title":{"rendered":"BEHANDLUNG DES GEB\u00c4RMUTTERSEPTUMS"},"content":{"rendered":"\t\t<div data-elementor-type=\"wp-page\" data-elementor-id=\"8118\" class=\"elementor elementor-8118 elementor-8096\">\n\t\t\t\t<div class=\"elementor-element elementor-element-359290f e-flex e-con-boxed sc_layouts_column_icons_position_left e-con e-parent\" data-id=\"359290f\" data-element_type=\"container\">\n\t\t\t\t\t<div class=\"e-con-inner\">\n\t\t<div class=\"elementor-element elementor-element-ba1079a e-con-full e-flex sc_layouts_column_icons_position_left e-con e-child\" data-id=\"ba1079a\" data-element_type=\"container\">\n\t\t\t\t<div class=\"elementor-element elementor-element-5c2e8a8 sc_fly_static elementor-widget elementor-widget-image\" data-id=\"5c2e8a8\" data-element_type=\"widget\" data-widget_type=\"image.default\">\n\t\t\t\t\t\t\t\t\t\t\t\t\t\t\t<img fetchpriority=\"high\" decoding=\"async\" width=\"680\" height=\"420\" src=\"https:\/\/endogynecology.gr\/wp-content\/uploads\/2025\/11\/w14.png\" class=\"attachment-large size-large wp-image-8115\" alt=\"\" srcset=\"https:\/\/endogynecology.gr\/wp-content\/uploads\/2025\/11\/w14.png 680w, https:\/\/endogynecology.gr\/wp-content\/uploads\/2025\/11\/w14-300x185.png 300w, https:\/\/endogynecology.gr\/wp-content\/uploads\/2025\/11\/w14-370x229.png 370w, https:\/\/endogynecology.gr\/wp-content\/uploads\/2025\/11\/w14-410x253.png 410w\" sizes=\"(max-width: 767px) 100vw, 680px\" \/>\t\t\t\t\t\t\t\t\t\t\t\t\t\t\t<\/div>\n\t\t\t\t<div class=\"elementor-element elementor-element-2d1d301 sc_fly_static elementor-widget elementor-widget-text-editor\" data-id=\"2d1d301\" data-element_type=\"widget\" data-widget_type=\"text-editor.default\">\n\t\t\t\t\t\t\t\t\t<p>Die Behandlung eines Uterusseptums erfolgt hysteroskopisch. Dabei wird ein spezielles operatives Hysteroskop (Resektoskop) verwendet, das mit elektrischer Energie das Septum kauterisiert und durchtrennt. Alternativ kann eine hysteroskopische Schere eingesetzt werden, wenn das Septum nicht besonders dick oder stark durchblutet ist.<br data-start=\"945\" data-end=\"948\" data-is-only-node=\"\" \/>Pr\u00e4operativ sind eine Ultraschalluntersuchung und manchmal auch eine Laparoskopie erforderlich. In der Regel wird nach dem Eingriff eine Kupferspirale f\u00fcr einige Wochen eingesetzt, um Verwachsungen zu verhindern. Die Entfernung des Septums verbessert die Fruchtbarkeit, da die Geb\u00e4rmutterh\u00f6hle wieder ihre normale Form erh\u00e4lt.<\/p>\t\t\t\t\t\t\t\t<\/div>\n\t\t\t\t<div class=\"elementor-element elementor-element-ff306bf sc_fly_static elementor-widget elementor-widget-image\" data-id=\"ff306bf\" data-element_type=\"widget\" data-widget_type=\"image.default\">\n\t\t\t\t\t\t\t\t\t\t\t\t\t\t\t<img decoding=\"async\" width=\"700\" height=\"520\" src=\"https:\/\/endogynecology.gr\/wp-content\/uploads\/2025\/11\/therapeia-diafragmatos.jpg\" class=\"attachment-large size-large wp-image-8116\" alt=\"\" srcset=\"https:\/\/endogynecology.gr\/wp-content\/uploads\/2025\/11\/therapeia-diafragmatos.jpg 700w, https:\/\/endogynecology.gr\/wp-content\/uploads\/2025\/11\/therapeia-diafragmatos-300x223.jpg 300w, https:\/\/endogynecology.gr\/wp-content\/uploads\/2025\/11\/therapeia-diafragmatos-370x275.jpg 370w, https:\/\/endogynecology.gr\/wp-content\/uploads\/2025\/11\/therapeia-diafragmatos-410x305.jpg 410w\" sizes=\"(max-width: 767px) 100vw, 700px\" \/>\t\t\t\t\t\t\t\t\t\t\t\t\t\t\t<\/div>\n\t\t\t\t<\/div>\n\t\t\t\t\t<\/div>\n\t\t\t\t<\/div>\n\t\t\t\t<\/div>\n\t\t","protected":false},"excerpt":{"rendered":"<p>Die Behandlung eines Uterusseptums erfolgt hysteroskopisch. Dabei&hellip;<\/p>\n","protected":false},"author":1,"featured_media":8115,"parent":0,"menu_order":0,"comment_status":"closed","ping_status":"closed","template":"","meta":{"footnotes":""},"class_list":["post-8118","page","type-page","status-publish","has-post-thumbnail","hentry"],"yoast_head":"<!-- This site is optimized with the Yoast SEO plugin v26.9 - https:\/\/yoast.com\/product\/yoast-seo-wordpress\/ -->\n<title>BEHANDLUNG DES GEB\u00c4RMUTTERSEPTUMS - Endogynecology<\/title>\n<meta name=\"robots\" content=\"noindex, follow, max-snippet:-1, max-image-preview:large, max-video-preview:-1\" \/>\n<meta property=\"og:locale\" content=\"de_DE\" \/>\n<meta property=\"og:type\" content=\"article\" \/>\n<meta property=\"og:title\" content=\"BEHANDLUNG DES GEB\u00c4RMUTTERSEPTUMS - Endogynecology\" \/>\n<meta property=\"og:description\" content=\"Die Behandlung eines Uterusseptums erfolgt hysteroskopisch. Dabei&hellip;\" \/>\n<meta property=\"og:url\" content=\"https:\/\/endogynecology.gr\/therapeia-diafragmatos-mitras\/\" \/>\n<meta property=\"og:site_name\" content=\"Endogynecology\" \/>\n<meta property=\"article:modified_time\" content=\"2025-11-28T11:28:11+00:00\" \/>\n<meta property=\"og:image\" content=\"https:\/\/endogynecology.gr\/wp-content\/uploads\/2025\/11\/w14.png\" \/>\n\t<meta property=\"og:image:width\" content=\"680\" \/>\n\t<meta property=\"og:image:height\" content=\"420\" \/>\n\t<meta property=\"og:image:type\" content=\"image\/png\" \/>\n<meta name=\"twitter:card\" content=\"summary_large_image\" \/>\n<script type=\"application\/ld+json\" class=\"yoast-schema-graph\">{\"@context\":\"https:\/\/schema.org\",\"@graph\":[{\"@type\":\"WebPage\",\"@id\":\"https:\/\/endogynecology.gr\/therapeia-diafragmatos-mitras\/\",\"url\":\"https:\/\/endogynecology.gr\/therapeia-diafragmatos-mitras\/\",\"name\":\"BEHANDLUNG DES GEB\u00c4RMUTTERSEPTUMS - Endogynecology\",\"isPartOf\":{\"@id\":\"https:\/\/endogynecology.gr\/#website\"},\"primaryImageOfPage\":{\"@id\":\"https:\/\/endogynecology.gr\/therapeia-diafragmatos-mitras\/#primaryimage\"},\"image\":{\"@id\":\"https:\/\/endogynecology.gr\/therapeia-diafragmatos-mitras\/#primaryimage\"},\"thumbnailUrl\":\"https:\/\/endogynecology.gr\/wp-content\/uploads\/2025\/11\/w14.png\",\"datePublished\":\"2025-11-28T11:22:43+00:00\",\"dateModified\":\"2025-11-28T11:28:11+00:00\",\"breadcrumb\":{\"@id\":\"https:\/\/endogynecology.gr\/therapeia-diafragmatos-mitras\/#breadcrumb\"},\"inLanguage\":\"de\",\"potentialAction\":[{\"@type\":\"ReadAction\",\"target\":[\"https:\/\/endogynecology.gr\/therapeia-diafragmatos-mitras\/\"]}]},{\"@type\":\"ImageObject\",\"inLanguage\":\"de\",\"@id\":\"https:\/\/endogynecology.gr\/therapeia-diafragmatos-mitras\/#primaryimage\",\"url\":\"https:\/\/endogynecology.gr\/wp-content\/uploads\/2025\/11\/w14.png\",\"contentUrl\":\"https:\/\/endogynecology.gr\/wp-content\/uploads\/2025\/11\/w14.png\",\"width\":680,\"height\":420},{\"@type\":\"BreadcrumbList\",\"@id\":\"https:\/\/endogynecology.gr\/therapeia-diafragmatos-mitras\/#breadcrumb\",\"itemListElement\":[{\"@type\":\"ListItem\",\"position\":1,\"name\":\"\u0391\u03c1\u03c7\u03b9\u03ba\u03ae\",\"item\":\"https:\/\/endogynecology.gr\/\"},{\"@type\":\"ListItem\",\"position\":2,\"name\":\"BEHANDLUNG DES GEB\u00c4RMUTTERSEPTUMS\"}]},{\"@type\":\"WebSite\",\"@id\":\"https:\/\/endogynecology.gr\/#website\",\"url\":\"https:\/\/endogynecology.gr\/\",\"name\":\"Endogynecology\",\"description\":\"\u039b\u03b1\u03c0\u03b1\u03c1\u03bf\u03c3\u03ba\u03bf\u03c0\u03b9\u03ba\u03cc \u039a\u03ad\u03bd\u03c4\u03c1\u03bf \u0391\u03b8\u03b7\u03bd\u03ce\u03bd\",\"publisher\":{\"@id\":\"https:\/\/endogynecology.gr\/#organization\"},\"potentialAction\":[{\"@type\":\"SearchAction\",\"target\":{\"@type\":\"EntryPoint\",\"urlTemplate\":\"https:\/\/endogynecology.gr\/?s={search_term_string}\"},\"query-input\":{\"@type\":\"PropertyValueSpecification\",\"valueRequired\":true,\"valueName\":\"search_term_string\"}}],\"inLanguage\":\"de\"},{\"@type\":\"Organization\",\"@id\":\"https:\/\/endogynecology.gr\/#organization\",\"name\":\"Endogynecology\",\"url\":\"https:\/\/endogynecology.gr\/\",\"logo\":{\"@type\":\"ImageObject\",\"inLanguage\":\"de\",\"@id\":\"https:\/\/endogynecology.gr\/#\/schema\/logo\/image\/\",\"url\":\"https:\/\/endogynecology.gr\/wp-content\/uploads\/2025\/11\/logo.png\",\"contentUrl\":\"https:\/\/endogynecology.gr\/wp-content\/uploads\/2025\/11\/logo.png\",\"width\":450,\"height\":80,\"caption\":\"Endogynecology\"},\"image\":{\"@id\":\"https:\/\/endogynecology.gr\/#\/schema\/logo\/image\/\"}}]}<\/script>\n<!-- \/ Yoast SEO plugin. -->","yoast_head_json":{"title":"BEHANDLUNG DES GEB\u00c4RMUTTERSEPTUMS - Endogynecology","robots":{"index":"noindex","follow":"follow","max-snippet":"max-snippet:-1","max-image-preview":"max-image-preview:large","max-video-preview":"max-video-preview:-1"},"og_locale":"de_DE","og_type":"article","og_title":"BEHANDLUNG DES GEB\u00c4RMUTTERSEPTUMS - Endogynecology","og_description":"Die Behandlung eines Uterusseptums erfolgt hysteroskopisch. Dabei&hellip;","og_url":"https:\/\/endogynecology.gr\/therapeia-diafragmatos-mitras\/","og_site_name":"Endogynecology","article_modified_time":"2025-11-28T11:28:11+00:00","og_image":[{"width":680,"height":420,"url":"https:\/\/endogynecology.gr\/wp-content\/uploads\/2025\/11\/w14.png","type":"image\/png"}],"twitter_card":"summary_large_image","schema":{"@context":"https:\/\/schema.org","@graph":[{"@type":"WebPage","@id":"https:\/\/endogynecology.gr\/therapeia-diafragmatos-mitras\/","url":"https:\/\/endogynecology.gr\/therapeia-diafragmatos-mitras\/","name":"BEHANDLUNG DES GEB\u00c4RMUTTERSEPTUMS - Endogynecology","isPartOf":{"@id":"https:\/\/endogynecology.gr\/#website"},"primaryImageOfPage":{"@id":"https:\/\/endogynecology.gr\/therapeia-diafragmatos-mitras\/#primaryimage"},"image":{"@id":"https:\/\/endogynecology.gr\/therapeia-diafragmatos-mitras\/#primaryimage"},"thumbnailUrl":"https:\/\/endogynecology.gr\/wp-content\/uploads\/2025\/11\/w14.png","datePublished":"2025-11-28T11:22:43+00:00","dateModified":"2025-11-28T11:28:11+00:00","breadcrumb":{"@id":"https:\/\/endogynecology.gr\/therapeia-diafragmatos-mitras\/#breadcrumb"},"inLanguage":"de","potentialAction":[{"@type":"ReadAction","target":["https:\/\/endogynecology.gr\/therapeia-diafragmatos-mitras\/"]}]},{"@type":"ImageObject","inLanguage":"de","@id":"https:\/\/endogynecology.gr\/therapeia-diafragmatos-mitras\/#primaryimage","url":"https:\/\/endogynecology.gr\/wp-content\/uploads\/2025\/11\/w14.png","contentUrl":"https:\/\/endogynecology.gr\/wp-content\/uploads\/2025\/11\/w14.png","width":680,"height":420},{"@type":"BreadcrumbList","@id":"https:\/\/endogynecology.gr\/therapeia-diafragmatos-mitras\/#breadcrumb","itemListElement":[{"@type":"ListItem","position":1,"name":"\u0391\u03c1\u03c7\u03b9\u03ba\u03ae","item":"https:\/\/endogynecology.gr\/"},{"@type":"ListItem","position":2,"name":"BEHANDLUNG DES GEB\u00c4RMUTTERSEPTUMS"}]},{"@type":"WebSite","@id":"https:\/\/endogynecology.gr\/#website","url":"https:\/\/endogynecology.gr\/","name":"Endogynecology","description":"\u039b\u03b1\u03c0\u03b1\u03c1\u03bf\u03c3\u03ba\u03bf\u03c0\u03b9\u03ba\u03cc \u039a\u03ad\u03bd\u03c4\u03c1\u03bf \u0391\u03b8\u03b7\u03bd\u03ce\u03bd","publisher":{"@id":"https:\/\/endogynecology.gr\/#organization"},"potentialAction":[{"@type":"SearchAction","target":{"@type":"EntryPoint","urlTemplate":"https:\/\/endogynecology.gr\/?s={search_term_string}"},"query-input":{"@type":"PropertyValueSpecification","valueRequired":true,"valueName":"search_term_string"}}],"inLanguage":"de"},{"@type":"Organization","@id":"https:\/\/endogynecology.gr\/#organization","name":"Endogynecology","url":"https:\/\/endogynecology.gr\/","logo":{"@type":"ImageObject","inLanguage":"de","@id":"https:\/\/endogynecology.gr\/#\/schema\/logo\/image\/","url":"https:\/\/endogynecology.gr\/wp-content\/uploads\/2025\/11\/logo.png","contentUrl":"https:\/\/endogynecology.gr\/wp-content\/uploads\/2025\/11\/logo.png","width":450,"height":80,"caption":"Endogynecology"},"image":{"@id":"https:\/\/endogynecology.gr\/#\/schema\/logo\/image\/"}}]}},"_links":{"self":[{"href":"https:\/\/endogynecology.gr\/de\/wp-json\/wp\/v2\/pages\/8118","targetHints":{"allow":["GET"]}}],"collection":[{"href":"https:\/\/endogynecology.gr\/de\/wp-json\/wp\/v2\/pages"}],"about":[{"href":"https:\/\/endogynecology.gr\/de\/wp-json\/wp\/v2\/types\/page"}],"author":[{"embeddable":true,"href":"https:\/\/endogynecology.gr\/de\/wp-json\/wp\/v2\/users\/1"}],"replies":[{"embeddable":true,"href":"https:\/\/endogynecology.gr\/de\/wp-json\/wp\/v2\/comments?post=8118"}],"version-history":[{"count":4,"href":"https:\/\/endogynecology.gr\/de\/wp-json\/wp\/v2\/pages\/8118\/revisions"}],"predecessor-version":[{"id":8122,"href":"https:\/\/endogynecology.gr\/de\/wp-json\/wp\/v2\/pages\/8118\/revisions\/8122"}],"wp:featuredmedia":[{"embeddable":true,"href":"https:\/\/endogynecology.gr\/de\/wp-json\/wp\/v2\/media\/8115"}],"wp:attachment":[{"href":"https:\/\/endogynecology.gr\/de\/wp-json\/wp\/v2\/media?parent=8118"}],"curies":[{"name":"wp","href":"https:\/\/api.w.org\/{rel}","templated":true}]}}