{"id":8078,"date":"2025-11-28T11:10:11","date_gmt":"2025-11-28T11:10:11","guid":{"rendered":"https:\/\/endogynecology.site-demo.gr\/removal-of-fibroid\/"},"modified":"2025-11-28T11:18:22","modified_gmt":"2025-11-28T11:18:22","slug":"removal-of-fibroid","status":"publish","type":"page","link":"https:\/\/endogynecology.gr\/de\/removal-of-fibroid\/","title":{"rendered":"REMOVAL OF FIBROID"},"content":{"rendered":"\t\t<div data-elementor-type=\"wp-page\" data-elementor-id=\"8078\" class=\"elementor elementor-8078 elementor-8045\">\n\t\t\t\t<div class=\"elementor-element elementor-element-4631429 e-flex e-con-boxed sc_layouts_column_icons_position_left e-con e-parent\" data-id=\"4631429\" data-element_type=\"container\">\n\t\t\t\t\t<div class=\"e-con-inner\">\n\t\t<div class=\"elementor-element elementor-element-a679e3a e-con-full e-flex sc_layouts_column_icons_position_left e-con e-child\" data-id=\"a679e3a\" data-element_type=\"container\">\n\t\t\t\t<div class=\"elementor-element elementor-element-997f07d sc_fly_static elementor-widget elementor-widget-image\" data-id=\"997f07d\" data-element_type=\"widget\" data-widget_type=\"image.default\">\n\t\t\t\t\t\t\t\t\t\t\t\t\t\t\t<img fetchpriority=\"high\" decoding=\"async\" width=\"680\" height=\"420\" src=\"https:\/\/endogynecology.gr\/wp-content\/uploads\/2025\/11\/w13.png\" class=\"attachment-large size-large wp-image-8072\" alt=\"\" srcset=\"https:\/\/endogynecology.gr\/wp-content\/uploads\/2025\/11\/w13.png 680w, https:\/\/endogynecology.gr\/wp-content\/uploads\/2025\/11\/w13-300x185.png 300w, https:\/\/endogynecology.gr\/wp-content\/uploads\/2025\/11\/w13-370x229.png 370w, https:\/\/endogynecology.gr\/wp-content\/uploads\/2025\/11\/w13-410x253.png 410w\" sizes=\"(max-width: 767px) 100vw, 680px\" \/>\t\t\t\t\t\t\t\t\t\t\t\t\t\t\t<\/div>\n\t\t\t\t<div class=\"elementor-element elementor-element-1f6f69c sc_fly_static elementor-widget elementor-widget-text-editor\" data-id=\"1f6f69c\" data-element_type=\"widget\" data-widget_type=\"text-editor.default\">\n\t\t\t\t\t\t\t\t\t<p data-start=\"767\" data-end=\"1020\">Submuk\u00f6se Myome k\u00f6nnen hysteroskopisch mit Pr\u00e4zision und Sicherheit entfernt werden. Dies erfolgt mit einem speziellen operativen Hysteroskop, das elektrische Energie zum Schneiden und Kauterisieren des Myoms verwendet (wie bei klassischen Operationen).<\/p><p data-start=\"1022\" data-end=\"1281\">Der Eingriff \u00e4hnelt sehr der diagnostischen Hysteroskopie, erfordert jedoch in der Regel f\u00fcr einige Minuten eine Allgemeinan\u00e4sthesie. Nicht alle Myome k\u00f6nnen mit dieser Methode entfernt werden, weshalb eine detaillierte pr\u00e4operative Beratung unerl\u00e4sslich ist.<\/p><p data-start=\"1283\" data-end=\"1456\">Ihre hysteroskopische Entfernung erh\u00f6ht die Fruchtbarkeit, reduziert Fehlgeburten und vermindert zudem die Blutungsmenge bei Frauen mit starken Regelblutungen (Menorrhagie).<\/p>\t\t\t\t\t\t\t\t<\/div>\n\t\t\t\t<div class=\"elementor-element elementor-element-fcc3044 sc_fly_static elementor-widget elementor-widget-video\" data-id=\"fcc3044\" data-element_type=\"widget\" data-settings=\"{&quot;video_type&quot;:&quot;hosted&quot;,&quot;controls&quot;:&quot;yes&quot;}\" data-widget_type=\"video.default\">\n\t\t\t\t\t\t\t<div class=\"e-hosted-video elementor-wrapper elementor-open-inline\">\n\t\t\t\t\t<video class=\"elementor-video\" src=\"https:\/\/endogynecology.gr\/wp-content\/uploads\/2025\/11\/laparoskopiki_inomuomatektomi_h_afairesi_inomuomatos-1.mp4\" controls=\"\" preload=\"metadata\" controlsList=\"nodownload\"><\/video>\n\t\t\t\t<\/div>\n\t\t\t\t\t\t<\/div>\n\t\t\t\t<div class=\"elementor-element elementor-element-87ad821 sc_fly_static elementor-widget elementor-widget-image\" data-id=\"87ad821\" data-element_type=\"widget\" data-widget_type=\"image.default\">\n\t\t\t\t\t\t\t\t\t\t\t\t\t\t\t<img decoding=\"async\" width=\"700\" height=\"216\" src=\"https:\/\/endogynecology.gr\/wp-content\/uploads\/2025\/11\/afairesi-inomuomatos.jpg\" class=\"attachment-large size-large wp-image-8073\" alt=\"\" srcset=\"https:\/\/endogynecology.gr\/wp-content\/uploads\/2025\/11\/afairesi-inomuomatos.jpg 700w, https:\/\/endogynecology.gr\/wp-content\/uploads\/2025\/11\/afairesi-inomuomatos-300x93.jpg 300w, https:\/\/endogynecology.gr\/wp-content\/uploads\/2025\/11\/afairesi-inomuomatos-370x114.jpg 370w, https:\/\/endogynecology.gr\/wp-content\/uploads\/2025\/11\/afairesi-inomuomatos-410x127.jpg 410w\" sizes=\"(max-width: 767px) 100vw, 700px\" \/>\t\t\t\t\t\t\t\t\t\t\t\t\t\t\t<\/div>\n\t\t\t\t<\/div>\n\t\t\t\t\t<\/div>\n\t\t\t\t<\/div>\n\t\t<div class=\"elementor-element elementor-element-0ae4fcd e-flex e-con-boxed sc_layouts_column_icons_position_left e-con e-parent\" data-id=\"0ae4fcd\" data-element_type=\"container\">\n\t\t\t\t\t<div class=\"e-con-inner\">\n\t\t<div class=\"elementor-element elementor-element-e87dcd2 e-con-full e-flex sc_layouts_column_icons_position_left e-con e-child\" data-id=\"e87dcd2\" data-element_type=\"container\">\n\t\t\t\t<div class=\"elementor-element elementor-element-44e0bb7 sc_fly_static elementor-widget elementor-widget-image\" data-id=\"44e0bb7\" data-element_type=\"widget\" data-widget_type=\"image.default\">\n\t\t\t\t\t\t\t\t\t\t\t\t\t\t\t<img decoding=\"async\" width=\"520\" height=\"624\" src=\"https:\/\/endogynecology.gr\/wp-content\/uploads\/2025\/11\/afairesi-inomuomatos2.jpg\" class=\"attachment-large size-large wp-image-8074\" alt=\"\" srcset=\"https:\/\/endogynecology.gr\/wp-content\/uploads\/2025\/11\/afairesi-inomuomatos2.jpg 520w, https:\/\/endogynecology.gr\/wp-content\/uploads\/2025\/11\/afairesi-inomuomatos2-250x300.jpg 250w, https:\/\/endogynecology.gr\/wp-content\/uploads\/2025\/11\/afairesi-inomuomatos2-370x444.jpg 370w, https:\/\/endogynecology.gr\/wp-content\/uploads\/2025\/11\/afairesi-inomuomatos2-410x492.jpg 410w\" sizes=\"(max-width: 767px) 100vw, 520px\" \/>\t\t\t\t\t\t\t\t\t\t\t\t\t\t\t<\/div>\n\t\t\t\t<\/div>\n\t\t<div class=\"elementor-element elementor-element-b36a9ea e-con-full e-flex sc_layouts_column_icons_position_left e-con e-child\" data-id=\"b36a9ea\" data-element_type=\"container\">\n\t\t\t\t<div class=\"elementor-element elementor-element-92abc0b sc_fly_static elementor-widget elementor-widget-image\" data-id=\"92abc0b\" data-element_type=\"widget\" data-widget_type=\"image.default\">\n\t\t\t\t\t\t\t\t\t\t\t\t\t\t\t<img loading=\"lazy\" decoding=\"async\" width=\"725\" height=\"523\" src=\"https:\/\/endogynecology.gr\/wp-content\/uploads\/2025\/11\/inomuoma_mitras.jpg\" class=\"attachment-large size-large wp-image-8075\" alt=\"\" srcset=\"https:\/\/endogynecology.gr\/wp-content\/uploads\/2025\/11\/inomuoma_mitras.jpg 725w, https:\/\/endogynecology.gr\/wp-content\/uploads\/2025\/11\/inomuoma_mitras-300x216.jpg 300w, https:\/\/endogynecology.gr\/wp-content\/uploads\/2025\/11\/inomuoma_mitras-370x267.jpg 370w, https:\/\/endogynecology.gr\/wp-content\/uploads\/2025\/11\/inomuoma_mitras-410x296.jpg 410w\" sizes=\"(max-width: 767px) 100vw, 725px\" \/>\t\t\t\t\t\t\t\t\t\t\t\t\t\t\t<\/div>\n\t\t\t\t<\/div>\n\t\t<div class=\"elementor-element elementor-element-2b4868e e-con-full e-flex sc_layouts_column_icons_position_left e-con e-child\" data-id=\"2b4868e\" data-element_type=\"container\">\n\t\t\t\t<div class=\"elementor-element elementor-element-41245e7 sc_fly_static elementor-widget elementor-widget-image\" data-id=\"41245e7\" data-element_type=\"widget\" data-widget_type=\"image.default\">\n\t\t\t\t\t\t\t\t\t\t\t\t\t\t\t<img loading=\"lazy\" decoding=\"async\" width=\"761\" height=\"541\" src=\"https:\/\/endogynecology.gr\/wp-content\/uploads\/2025\/11\/inomuomatektomi.jpg\" class=\"attachment-large size-large wp-image-8076\" alt=\"\" srcset=\"https:\/\/endogynecology.gr\/wp-content\/uploads\/2025\/11\/inomuomatektomi.jpg 761w, https:\/\/endogynecology.gr\/wp-content\/uploads\/2025\/11\/inomuomatektomi-300x213.jpg 300w, https:\/\/endogynecology.gr\/wp-content\/uploads\/2025\/11\/inomuomatektomi-370x263.jpg 370w, https:\/\/endogynecology.gr\/wp-content\/uploads\/2025\/11\/inomuomatektomi-410x291.jpg 410w\" sizes=\"(max-width: 767px) 100vw, 761px\" \/>\t\t\t\t\t\t\t\t\t\t\t\t\t\t\t<\/div>\n\t\t\t\t<\/div>\n\t\t<div class=\"e-con-gap-no elementor-element elementor-element-500c699 e-con-full e-flex sc_layouts_column_icons_position_left e-con e-child\" data-id=\"500c699\" data-element_type=\"container\">\n\t\t\t\t<\/div>\n\t\t<div class=\"e-con-gap-no elementor-element elementor-element-df48c54 e-con-full e-flex sc_layouts_column_icons_position_left e-con e-child\" data-id=\"df48c54\" data-element_type=\"container\">\n\t\t\t\t<\/div>\n\t\t<div class=\"e-con-gap-no elementor-element elementor-element-e27acad e-con-full e-flex sc_layouts_column_icons_position_left e-con e-child\" data-id=\"e27acad\" data-element_type=\"container\">\n\t\t\t\t<\/div>\n\t\t\t\t\t<\/div>\n\t\t\t\t<\/div>\n\t\t\t\t<\/div>\n\t\t","protected":false},"excerpt":{"rendered":"<p>Submuk\u00f6se Myome k\u00f6nnen hysteroskopisch mit Pr\u00e4zision und&hellip;<\/p>\n","protected":false},"author":1,"featured_media":8072,"parent":0,"menu_order":0,"comment_status":"closed","ping_status":"closed","template":"","meta":{"footnotes":""},"class_list":["post-8078","page","type-page","status-publish","has-post-thumbnail","hentry"],"yoast_head":"<!-- This site is optimized with the Yoast SEO plugin v26.9 - https:\/\/yoast.com\/product\/yoast-seo-wordpress\/ -->\n<title>REMOVAL OF FIBROID - Endogynecology<\/title>\n<meta name=\"robots\" content=\"noindex, follow, max-snippet:-1, max-image-preview:large, max-video-preview:-1\" \/>\n<meta property=\"og:locale\" content=\"de_DE\" \/>\n<meta property=\"og:type\" content=\"article\" \/>\n<meta property=\"og:title\" content=\"REMOVAL OF FIBROID - Endogynecology\" \/>\n<meta property=\"og:description\" content=\"Submuk\u00f6se Myome k\u00f6nnen hysteroskopisch mit Pr\u00e4zision und&hellip;\" \/>\n<meta property=\"og:url\" content=\"https:\/\/endogynecology.gr\/afairesi-inomuwmatos\/\" \/>\n<meta property=\"og:site_name\" content=\"Endogynecology\" \/>\n<meta property=\"article:modified_time\" content=\"2025-11-28T11:18:22+00:00\" \/>\n<meta property=\"og:image\" content=\"https:\/\/endogynecology.gr\/wp-content\/uploads\/2025\/11\/w13.png\" \/>\n\t<meta property=\"og:image:width\" content=\"680\" \/>\n\t<meta property=\"og:image:height\" content=\"420\" \/>\n\t<meta property=\"og:image:type\" content=\"image\/png\" \/>\n<meta name=\"twitter:card\" content=\"summary_large_image\" \/>\n<meta name=\"twitter:label1\" content=\"Gesch\u00e4tzte Lesezeit\" \/>\n\t<meta name=\"twitter:data1\" content=\"1\u00a0Minute\" \/>\n<script type=\"application\/ld+json\" class=\"yoast-schema-graph\">{\"@context\":\"https:\/\/schema.org\",\"@graph\":[{\"@type\":\"WebPage\",\"@id\":\"https:\/\/endogynecology.gr\/afairesi-inomuwmatos\/\",\"url\":\"https:\/\/endogynecology.gr\/afairesi-inomuwmatos\/\",\"name\":\"REMOVAL OF FIBROID - Endogynecology\",\"isPartOf\":{\"@id\":\"https:\/\/endogynecology.gr\/#website\"},\"primaryImageOfPage\":{\"@id\":\"https:\/\/endogynecology.gr\/afairesi-inomuwmatos\/#primaryimage\"},\"image\":{\"@id\":\"https:\/\/endogynecology.gr\/afairesi-inomuwmatos\/#primaryimage\"},\"thumbnailUrl\":\"https:\/\/endogynecology.gr\/wp-content\/uploads\/2025\/11\/w13.png\",\"datePublished\":\"2025-11-28T11:10:11+00:00\",\"dateModified\":\"2025-11-28T11:18:22+00:00\",\"breadcrumb\":{\"@id\":\"https:\/\/endogynecology.gr\/afairesi-inomuwmatos\/#breadcrumb\"},\"inLanguage\":\"de\",\"potentialAction\":[{\"@type\":\"ReadAction\",\"target\":[\"https:\/\/endogynecology.gr\/afairesi-inomuwmatos\/\"]}]},{\"@type\":\"ImageObject\",\"inLanguage\":\"de\",\"@id\":\"https:\/\/endogynecology.gr\/afairesi-inomuwmatos\/#primaryimage\",\"url\":\"https:\/\/endogynecology.gr\/wp-content\/uploads\/2025\/11\/w13.png\",\"contentUrl\":\"https:\/\/endogynecology.gr\/wp-content\/uploads\/2025\/11\/w13.png\",\"width\":680,\"height\":420},{\"@type\":\"BreadcrumbList\",\"@id\":\"https:\/\/endogynecology.gr\/afairesi-inomuwmatos\/#breadcrumb\",\"itemListElement\":[{\"@type\":\"ListItem\",\"position\":1,\"name\":\"\u0391\u03c1\u03c7\u03b9\u03ba\u03ae\",\"item\":\"https:\/\/endogynecology.gr\/\"},{\"@type\":\"ListItem\",\"position\":2,\"name\":\"REMOVAL OF FIBROID\"}]},{\"@type\":\"WebSite\",\"@id\":\"https:\/\/endogynecology.gr\/#website\",\"url\":\"https:\/\/endogynecology.gr\/\",\"name\":\"Endogynecology\",\"description\":\"\u039b\u03b1\u03c0\u03b1\u03c1\u03bf\u03c3\u03ba\u03bf\u03c0\u03b9\u03ba\u03cc \u039a\u03ad\u03bd\u03c4\u03c1\u03bf \u0391\u03b8\u03b7\u03bd\u03ce\u03bd\",\"publisher\":{\"@id\":\"https:\/\/endogynecology.gr\/#organization\"},\"potentialAction\":[{\"@type\":\"SearchAction\",\"target\":{\"@type\":\"EntryPoint\",\"urlTemplate\":\"https:\/\/endogynecology.gr\/?s={search_term_string}\"},\"query-input\":{\"@type\":\"PropertyValueSpecification\",\"valueRequired\":true,\"valueName\":\"search_term_string\"}}],\"inLanguage\":\"de\"},{\"@type\":\"Organization\",\"@id\":\"https:\/\/endogynecology.gr\/#organization\",\"name\":\"Endogynecology\",\"url\":\"https:\/\/endogynecology.gr\/\",\"logo\":{\"@type\":\"ImageObject\",\"inLanguage\":\"de\",\"@id\":\"https:\/\/endogynecology.gr\/#\/schema\/logo\/image\/\",\"url\":\"https:\/\/endogynecology.gr\/wp-content\/uploads\/2025\/11\/logo.png\",\"contentUrl\":\"https:\/\/endogynecology.gr\/wp-content\/uploads\/2025\/11\/logo.png\",\"width\":450,\"height\":80,\"caption\":\"Endogynecology\"},\"image\":{\"@id\":\"https:\/\/endogynecology.gr\/#\/schema\/logo\/image\/\"}}]}<\/script>\n<!-- \/ Yoast SEO plugin. -->","yoast_head_json":{"title":"REMOVAL OF FIBROID - Endogynecology","robots":{"index":"noindex","follow":"follow","max-snippet":"max-snippet:-1","max-image-preview":"max-image-preview:large","max-video-preview":"max-video-preview:-1"},"og_locale":"de_DE","og_type":"article","og_title":"REMOVAL OF FIBROID - Endogynecology","og_description":"Submuk\u00f6se Myome k\u00f6nnen hysteroskopisch mit Pr\u00e4zision und&hellip;","og_url":"https:\/\/endogynecology.gr\/afairesi-inomuwmatos\/","og_site_name":"Endogynecology","article_modified_time":"2025-11-28T11:18:22+00:00","og_image":[{"width":680,"height":420,"url":"https:\/\/endogynecology.gr\/wp-content\/uploads\/2025\/11\/w13.png","type":"image\/png"}],"twitter_card":"summary_large_image","twitter_misc":{"Gesch\u00e4tzte Lesezeit":"1\u00a0Minute"},"schema":{"@context":"https:\/\/schema.org","@graph":[{"@type":"WebPage","@id":"https:\/\/endogynecology.gr\/afairesi-inomuwmatos\/","url":"https:\/\/endogynecology.gr\/afairesi-inomuwmatos\/","name":"REMOVAL OF FIBROID - Endogynecology","isPartOf":{"@id":"https:\/\/endogynecology.gr\/#website"},"primaryImageOfPage":{"@id":"https:\/\/endogynecology.gr\/afairesi-inomuwmatos\/#primaryimage"},"image":{"@id":"https:\/\/endogynecology.gr\/afairesi-inomuwmatos\/#primaryimage"},"thumbnailUrl":"https:\/\/endogynecology.gr\/wp-content\/uploads\/2025\/11\/w13.png","datePublished":"2025-11-28T11:10:11+00:00","dateModified":"2025-11-28T11:18:22+00:00","breadcrumb":{"@id":"https:\/\/endogynecology.gr\/afairesi-inomuwmatos\/#breadcrumb"},"inLanguage":"de","potentialAction":[{"@type":"ReadAction","target":["https:\/\/endogynecology.gr\/afairesi-inomuwmatos\/"]}]},{"@type":"ImageObject","inLanguage":"de","@id":"https:\/\/endogynecology.gr\/afairesi-inomuwmatos\/#primaryimage","url":"https:\/\/endogynecology.gr\/wp-content\/uploads\/2025\/11\/w13.png","contentUrl":"https:\/\/endogynecology.gr\/wp-content\/uploads\/2025\/11\/w13.png","width":680,"height":420},{"@type":"BreadcrumbList","@id":"https:\/\/endogynecology.gr\/afairesi-inomuwmatos\/#breadcrumb","itemListElement":[{"@type":"ListItem","position":1,"name":"\u0391\u03c1\u03c7\u03b9\u03ba\u03ae","item":"https:\/\/endogynecology.gr\/"},{"@type":"ListItem","position":2,"name":"REMOVAL OF FIBROID"}]},{"@type":"WebSite","@id":"https:\/\/endogynecology.gr\/#website","url":"https:\/\/endogynecology.gr\/","name":"Endogynecology","description":"\u039b\u03b1\u03c0\u03b1\u03c1\u03bf\u03c3\u03ba\u03bf\u03c0\u03b9\u03ba\u03cc \u039a\u03ad\u03bd\u03c4\u03c1\u03bf \u0391\u03b8\u03b7\u03bd\u03ce\u03bd","publisher":{"@id":"https:\/\/endogynecology.gr\/#organization"},"potentialAction":[{"@type":"SearchAction","target":{"@type":"EntryPoint","urlTemplate":"https:\/\/endogynecology.gr\/?s={search_term_string}"},"query-input":{"@type":"PropertyValueSpecification","valueRequired":true,"valueName":"search_term_string"}}],"inLanguage":"de"},{"@type":"Organization","@id":"https:\/\/endogynecology.gr\/#organization","name":"Endogynecology","url":"https:\/\/endogynecology.gr\/","logo":{"@type":"ImageObject","inLanguage":"de","@id":"https:\/\/endogynecology.gr\/#\/schema\/logo\/image\/","url":"https:\/\/endogynecology.gr\/wp-content\/uploads\/2025\/11\/logo.png","contentUrl":"https:\/\/endogynecology.gr\/wp-content\/uploads\/2025\/11\/logo.png","width":450,"height":80,"caption":"Endogynecology"},"image":{"@id":"https:\/\/endogynecology.gr\/#\/schema\/logo\/image\/"}}]}},"_links":{"self":[{"href":"https:\/\/endogynecology.gr\/de\/wp-json\/wp\/v2\/pages\/8078","targetHints":{"allow":["GET"]}}],"collection":[{"href":"https:\/\/endogynecology.gr\/de\/wp-json\/wp\/v2\/pages"}],"about":[{"href":"https:\/\/endogynecology.gr\/de\/wp-json\/wp\/v2\/types\/page"}],"author":[{"embeddable":true,"href":"https:\/\/endogynecology.gr\/de\/wp-json\/wp\/v2\/users\/1"}],"replies":[{"embeddable":true,"href":"https:\/\/endogynecology.gr\/de\/wp-json\/wp\/v2\/comments?post=8078"}],"version-history":[{"count":3,"href":"https:\/\/endogynecology.gr\/de\/wp-json\/wp\/v2\/pages\/8078\/revisions"}],"predecessor-version":[{"id":8082,"href":"https:\/\/endogynecology.gr\/de\/wp-json\/wp\/v2\/pages\/8078\/revisions\/8082"}],"wp:featuredmedia":[{"embeddable":true,"href":"https:\/\/endogynecology.gr\/de\/wp-json\/wp\/v2\/media\/8072"}],"wp:attachment":[{"href":"https:\/\/endogynecology.gr\/de\/wp-json\/wp\/v2\/media?parent=8078"}],"curies":[{"name":"wp","href":"https:\/\/api.w.org\/{rel}","templated":true}]}}