{"id":7985,"date":"2025-11-27T10:27:38","date_gmt":"2025-11-27T10:27:38","guid":{"rendered":"https:\/\/endogynecology.site-demo.gr\/hysteroscopy\/"},"modified":"2025-11-28T12:43:09","modified_gmt":"2025-11-28T12:43:09","slug":"hysteroskopie","status":"publish","type":"page","link":"https:\/\/endogynecology.gr\/de\/hysteroskopie\/","title":{"rendered":"HYSTEROSKOPIE"},"content":{"rendered":"\t\t<div data-elementor-type=\"wp-page\" data-elementor-id=\"7985\" class=\"elementor elementor-7985 elementor-7952\">\n\t\t\t\t<div class=\"elementor-element elementor-element-2592700 e-flex e-con-boxed sc_layouts_column_icons_position_left e-con e-parent\" data-id=\"2592700\" data-element_type=\"container\">\n\t\t\t\t\t<div class=\"e-con-inner\">\n\t\t<div class=\"elementor-element elementor-element-a190131 e-con-full e-flex sc_layouts_column_icons_position_left e-con e-child\" data-id=\"a190131\" data-element_type=\"container\">\n\t\t\t\t<div class=\"elementor-element elementor-element-c81de2a sc_fly_static elementor-widget elementor-widget-image\" data-id=\"c81de2a\" data-element_type=\"widget\" data-widget_type=\"image.default\">\n\t\t\t\t\t\t\t\t\t\t\t\t\t\t\t<img fetchpriority=\"high\" decoding=\"async\" width=\"680\" height=\"420\" src=\"https:\/\/endogynecology.gr\/wp-content\/uploads\/2025\/11\/w2-1.png\" class=\"attachment-large size-large wp-image-7938\" alt=\"\" srcset=\"https:\/\/endogynecology.gr\/wp-content\/uploads\/2025\/11\/w2-1.png 680w, https:\/\/endogynecology.gr\/wp-content\/uploads\/2025\/11\/w2-1-300x185.png 300w, https:\/\/endogynecology.gr\/wp-content\/uploads\/2025\/11\/w2-1-370x229.png 370w, https:\/\/endogynecology.gr\/wp-content\/uploads\/2025\/11\/w2-1-410x253.png 410w\" sizes=\"(max-width: 767px) 100vw, 680px\" \/>\t\t\t\t\t\t\t\t\t\t\t\t\t\t\t<\/div>\n\t\t\t\t<div class=\"elementor-element elementor-element-a549f8b sc_fly_static elementor-widget elementor-widget-text-editor\" data-id=\"a549f8b\" data-element_type=\"widget\" data-widget_type=\"text-editor.default\">\n\t\t\t\t\t\t\t\t\t<p data-start=\"1239\" data-end=\"1546\"><strong data-start=\"1239\" data-end=\"1546\">Die Hysteroskopie ist ein chirurgisches Verfahren, das notwendig ist zur Diagnose von Erkrankungen der Geb\u00e4rmutterh\u00f6hle (dem Inneren der Geb\u00e4rmutter), wie Polypen, Myomen, Endometriumhyperplasie (der normalen Auskleidung der Geb\u00e4rmutterh\u00f6hle), angeborenen Fehlbildungen wie dem Uterusseptum sowie Krebs.<\/strong><\/p><p data-start=\"1548\" data-end=\"2012\">Sie wird ohne Schnitte durchgef\u00fchrt, durch die Vagina, \u00fcber die \u00d6ffnung des Geb\u00e4rmutterhalses, der die Fortsetzung des Geb\u00e4rmutterk\u00f6rpers darstellt. Sie erfolgt mit einem Distensionsmedium (wie Kochsalzl\u00f6sung oder Kohlendioxid) und erfordert keine Vollnarkose, au\u00dfer wenn die Frau dies w\u00fcnscht oder wenn sie kinderlos ist. Sie ist nicht schmerzhaft, aber wenn der Vorgang unangenehm ist, kann er jederzeit gestoppt werden und unter Sedierung oder Narkose erfolgen.<\/p><p data-start=\"2014\" data-end=\"2347\">Die Patientin kann etwa eine halbe Stunde nach dem Eingriff gehen, wenn keine oder nur eine \u00f6rtliche Bet\u00e4ubung verwendet wurde. Falls eine Sedierung oder Narkose erforderlich ist, kann sie nach einigen Stunden (2\u20134) nach Hause gehen. Die Diagnose wird sofort gestellt, au\u00dfer wenn der Gyn\u00e4kologe auf die Ergebnisse der Biopsie wartet.<\/p>\t\t\t\t\t\t\t\t<\/div>\n\t\t\t\t<div class=\"elementor-element elementor-element-56adbc7 sc_fly_static elementor-widget elementor-widget-image\" data-id=\"56adbc7\" data-element_type=\"widget\" data-widget_type=\"image.default\">\n\t\t\t\t\t\t\t\t\t\t\t\t\t\t\t<img decoding=\"async\" width=\"700\" height=\"711\" src=\"https:\/\/endogynecology.gr\/wp-content\/uploads\/2025\/11\/diagnwstiki_usteroskopisi.jpg\" class=\"attachment-large size-large wp-image-8261\" alt=\"\" srcset=\"https:\/\/endogynecology.gr\/wp-content\/uploads\/2025\/11\/diagnwstiki_usteroskopisi.jpg 700w, https:\/\/endogynecology.gr\/wp-content\/uploads\/2025\/11\/diagnwstiki_usteroskopisi-295x300.jpg 295w, https:\/\/endogynecology.gr\/wp-content\/uploads\/2025\/11\/diagnwstiki_usteroskopisi-370x376.jpg 370w, https:\/\/endogynecology.gr\/wp-content\/uploads\/2025\/11\/diagnwstiki_usteroskopisi-90x90.jpg 90w, https:\/\/endogynecology.gr\/wp-content\/uploads\/2025\/11\/diagnwstiki_usteroskopisi-410x416.jpg 410w\" sizes=\"(max-width: 767px) 100vw, 700px\" \/>\t\t\t\t\t\t\t\t\t\t\t\t\t\t\t<\/div>\n\t\t\t\t<\/div>\n\t\t\t\t\t<\/div>\n\t\t\t\t<\/div>\n\t\t\t\t<\/div>\n\t\t","protected":false},"excerpt":{"rendered":"<p>Die Hysteroskopie ist ein chirurgisches Verfahren, das&hellip;<\/p>\n","protected":false},"author":1,"featured_media":7980,"parent":0,"menu_order":0,"comment_status":"closed","ping_status":"closed","template":"","meta":{"footnotes":""},"class_list":["post-7985","page","type-page","status-publish","has-post-thumbnail","hentry"],"yoast_head":"<!-- This site is optimized with the Yoast SEO plugin v26.9 - https:\/\/yoast.com\/product\/yoast-seo-wordpress\/ -->\n<title>HYSTEROSKOPIE - Endogynecology<\/title>\n<meta name=\"robots\" content=\"noindex, follow, max-snippet:-1, max-image-preview:large, max-video-preview:-1\" \/>\n<meta property=\"og:locale\" content=\"de_DE\" \/>\n<meta property=\"og:type\" content=\"article\" \/>\n<meta property=\"og:title\" content=\"HYSTEROSKOPIE - Endogynecology\" \/>\n<meta property=\"og:description\" content=\"Die Hysteroskopie ist ein chirurgisches Verfahren, das&hellip;\" \/>\n<meta property=\"og:url\" content=\"https:\/\/endogynecology.gr\/usteroskopisi\/\" \/>\n<meta property=\"og:site_name\" content=\"Endogynecology\" \/>\n<meta property=\"article:modified_time\" content=\"2025-11-28T12:43:09+00:00\" \/>\n<meta property=\"og:image\" content=\"https:\/\/endogynecology.gr\/wp-content\/uploads\/2025\/11\/92362123.png\" \/>\n\t<meta property=\"og:image:width\" content=\"680\" \/>\n\t<meta property=\"og:image:height\" content=\"420\" \/>\n\t<meta property=\"og:image:type\" content=\"image\/png\" \/>\n<meta name=\"twitter:card\" content=\"summary_large_image\" \/>\n<meta name=\"twitter:label1\" content=\"Gesch\u00e4tzte Lesezeit\" \/>\n\t<meta name=\"twitter:data1\" content=\"1\u00a0Minute\" \/>\n<script type=\"application\/ld+json\" class=\"yoast-schema-graph\">{\"@context\":\"https:\/\/schema.org\",\"@graph\":[{\"@type\":\"WebPage\",\"@id\":\"https:\/\/endogynecology.gr\/usteroskopisi\/\",\"url\":\"https:\/\/endogynecology.gr\/usteroskopisi\/\",\"name\":\"HYSTEROSKOPIE - Endogynecology\",\"isPartOf\":{\"@id\":\"https:\/\/endogynecology.gr\/#website\"},\"primaryImageOfPage\":{\"@id\":\"https:\/\/endogynecology.gr\/usteroskopisi\/#primaryimage\"},\"image\":{\"@id\":\"https:\/\/endogynecology.gr\/usteroskopisi\/#primaryimage\"},\"thumbnailUrl\":\"https:\/\/endogynecology.gr\/wp-content\/uploads\/2025\/11\/92362123.png\",\"datePublished\":\"2025-11-27T10:27:38+00:00\",\"dateModified\":\"2025-11-28T12:43:09+00:00\",\"breadcrumb\":{\"@id\":\"https:\/\/endogynecology.gr\/usteroskopisi\/#breadcrumb\"},\"inLanguage\":\"de\",\"potentialAction\":[{\"@type\":\"ReadAction\",\"target\":[\"https:\/\/endogynecology.gr\/usteroskopisi\/\"]}]},{\"@type\":\"ImageObject\",\"inLanguage\":\"de\",\"@id\":\"https:\/\/endogynecology.gr\/usteroskopisi\/#primaryimage\",\"url\":\"https:\/\/endogynecology.gr\/wp-content\/uploads\/2025\/11\/92362123.png\",\"contentUrl\":\"https:\/\/endogynecology.gr\/wp-content\/uploads\/2025\/11\/92362123.png\",\"width\":680,\"height\":420},{\"@type\":\"BreadcrumbList\",\"@id\":\"https:\/\/endogynecology.gr\/usteroskopisi\/#breadcrumb\",\"itemListElement\":[{\"@type\":\"ListItem\",\"position\":1,\"name\":\"\u0391\u03c1\u03c7\u03b9\u03ba\u03ae\",\"item\":\"https:\/\/endogynecology.gr\/\"},{\"@type\":\"ListItem\",\"position\":2,\"name\":\"HYSTEROSKOPIE\"}]},{\"@type\":\"WebSite\",\"@id\":\"https:\/\/endogynecology.gr\/#website\",\"url\":\"https:\/\/endogynecology.gr\/\",\"name\":\"Endogynecology\",\"description\":\"\u039b\u03b1\u03c0\u03b1\u03c1\u03bf\u03c3\u03ba\u03bf\u03c0\u03b9\u03ba\u03cc \u039a\u03ad\u03bd\u03c4\u03c1\u03bf \u0391\u03b8\u03b7\u03bd\u03ce\u03bd\",\"publisher\":{\"@id\":\"https:\/\/endogynecology.gr\/#organization\"},\"potentialAction\":[{\"@type\":\"SearchAction\",\"target\":{\"@type\":\"EntryPoint\",\"urlTemplate\":\"https:\/\/endogynecology.gr\/?s={search_term_string}\"},\"query-input\":{\"@type\":\"PropertyValueSpecification\",\"valueRequired\":true,\"valueName\":\"search_term_string\"}}],\"inLanguage\":\"de\"},{\"@type\":\"Organization\",\"@id\":\"https:\/\/endogynecology.gr\/#organization\",\"name\":\"Endogynecology\",\"url\":\"https:\/\/endogynecology.gr\/\",\"logo\":{\"@type\":\"ImageObject\",\"inLanguage\":\"de\",\"@id\":\"https:\/\/endogynecology.gr\/#\/schema\/logo\/image\/\",\"url\":\"https:\/\/endogynecology.gr\/wp-content\/uploads\/2025\/11\/logo.png\",\"contentUrl\":\"https:\/\/endogynecology.gr\/wp-content\/uploads\/2025\/11\/logo.png\",\"width\":450,\"height\":80,\"caption\":\"Endogynecology\"},\"image\":{\"@id\":\"https:\/\/endogynecology.gr\/#\/schema\/logo\/image\/\"}}]}<\/script>\n<!-- \/ Yoast SEO plugin. -->","yoast_head_json":{"title":"HYSTEROSKOPIE - Endogynecology","robots":{"index":"noindex","follow":"follow","max-snippet":"max-snippet:-1","max-image-preview":"max-image-preview:large","max-video-preview":"max-video-preview:-1"},"og_locale":"de_DE","og_type":"article","og_title":"HYSTEROSKOPIE - Endogynecology","og_description":"Die Hysteroskopie ist ein chirurgisches Verfahren, das&hellip;","og_url":"https:\/\/endogynecology.gr\/usteroskopisi\/","og_site_name":"Endogynecology","article_modified_time":"2025-11-28T12:43:09+00:00","og_image":[{"width":680,"height":420,"url":"https:\/\/endogynecology.gr\/wp-content\/uploads\/2025\/11\/92362123.png","type":"image\/png"}],"twitter_card":"summary_large_image","twitter_misc":{"Gesch\u00e4tzte Lesezeit":"1\u00a0Minute"},"schema":{"@context":"https:\/\/schema.org","@graph":[{"@type":"WebPage","@id":"https:\/\/endogynecology.gr\/usteroskopisi\/","url":"https:\/\/endogynecology.gr\/usteroskopisi\/","name":"HYSTEROSKOPIE - Endogynecology","isPartOf":{"@id":"https:\/\/endogynecology.gr\/#website"},"primaryImageOfPage":{"@id":"https:\/\/endogynecology.gr\/usteroskopisi\/#primaryimage"},"image":{"@id":"https:\/\/endogynecology.gr\/usteroskopisi\/#primaryimage"},"thumbnailUrl":"https:\/\/endogynecology.gr\/wp-content\/uploads\/2025\/11\/92362123.png","datePublished":"2025-11-27T10:27:38+00:00","dateModified":"2025-11-28T12:43:09+00:00","breadcrumb":{"@id":"https:\/\/endogynecology.gr\/usteroskopisi\/#breadcrumb"},"inLanguage":"de","potentialAction":[{"@type":"ReadAction","target":["https:\/\/endogynecology.gr\/usteroskopisi\/"]}]},{"@type":"ImageObject","inLanguage":"de","@id":"https:\/\/endogynecology.gr\/usteroskopisi\/#primaryimage","url":"https:\/\/endogynecology.gr\/wp-content\/uploads\/2025\/11\/92362123.png","contentUrl":"https:\/\/endogynecology.gr\/wp-content\/uploads\/2025\/11\/92362123.png","width":680,"height":420},{"@type":"BreadcrumbList","@id":"https:\/\/endogynecology.gr\/usteroskopisi\/#breadcrumb","itemListElement":[{"@type":"ListItem","position":1,"name":"\u0391\u03c1\u03c7\u03b9\u03ba\u03ae","item":"https:\/\/endogynecology.gr\/"},{"@type":"ListItem","position":2,"name":"HYSTEROSKOPIE"}]},{"@type":"WebSite","@id":"https:\/\/endogynecology.gr\/#website","url":"https:\/\/endogynecology.gr\/","name":"Endogynecology","description":"\u039b\u03b1\u03c0\u03b1\u03c1\u03bf\u03c3\u03ba\u03bf\u03c0\u03b9\u03ba\u03cc \u039a\u03ad\u03bd\u03c4\u03c1\u03bf \u0391\u03b8\u03b7\u03bd\u03ce\u03bd","publisher":{"@id":"https:\/\/endogynecology.gr\/#organization"},"potentialAction":[{"@type":"SearchAction","target":{"@type":"EntryPoint","urlTemplate":"https:\/\/endogynecology.gr\/?s={search_term_string}"},"query-input":{"@type":"PropertyValueSpecification","valueRequired":true,"valueName":"search_term_string"}}],"inLanguage":"de"},{"@type":"Organization","@id":"https:\/\/endogynecology.gr\/#organization","name":"Endogynecology","url":"https:\/\/endogynecology.gr\/","logo":{"@type":"ImageObject","inLanguage":"de","@id":"https:\/\/endogynecology.gr\/#\/schema\/logo\/image\/","url":"https:\/\/endogynecology.gr\/wp-content\/uploads\/2025\/11\/logo.png","contentUrl":"https:\/\/endogynecology.gr\/wp-content\/uploads\/2025\/11\/logo.png","width":450,"height":80,"caption":"Endogynecology"},"image":{"@id":"https:\/\/endogynecology.gr\/#\/schema\/logo\/image\/"}}]}},"_links":{"self":[{"href":"https:\/\/endogynecology.gr\/de\/wp-json\/wp\/v2\/pages\/7985","targetHints":{"allow":["GET"]}}],"collection":[{"href":"https:\/\/endogynecology.gr\/de\/wp-json\/wp\/v2\/pages"}],"about":[{"href":"https:\/\/endogynecology.gr\/de\/wp-json\/wp\/v2\/types\/page"}],"author":[{"embeddable":true,"href":"https:\/\/endogynecology.gr\/de\/wp-json\/wp\/v2\/users\/1"}],"replies":[{"embeddable":true,"href":"https:\/\/endogynecology.gr\/de\/wp-json\/wp\/v2\/comments?post=7985"}],"version-history":[{"count":7,"href":"https:\/\/endogynecology.gr\/de\/wp-json\/wp\/v2\/pages\/7985\/revisions"}],"predecessor-version":[{"id":8264,"href":"https:\/\/endogynecology.gr\/de\/wp-json\/wp\/v2\/pages\/7985\/revisions\/8264"}],"wp:featuredmedia":[{"embeddable":true,"href":"https:\/\/endogynecology.gr\/de\/wp-json\/wp\/v2\/media\/7980"}],"wp:attachment":[{"href":"https:\/\/endogynecology.gr\/de\/wp-json\/wp\/v2\/media?parent=7985"}],"curies":[{"name":"wp","href":"https:\/\/api.w.org\/{rel}","templated":true}]}}